{"id":304,"date":"2012-05-22T16:30:01","date_gmt":"2012-05-22T20:30:01","guid":{"rendered":"http:\/\/celeli.uprrp.edu\/?page_id=304"},"modified":"2025-05-20T10:07:07","modified_gmt":"2025-05-20T14:07:07","slug":"contactanos","status":"publish","type":"page","link":"https:\/\/celeli.uprrp.edu\/?page_id=304","title":{"rendered":"Cont\u00e1ctanos"},"content":{"rendered":"<p>Correo electr\u00f3nico del CELELI: celeli.upr@gmail.com<\/p>\n<p>N\u00famero de tel\u00e9fono: (787) 764-0000, extensi\u00f3n 89216<\/p>\n<p>Direcci\u00f3n postal: CELELI Facultad de Educaci\u00f3n PO Box 23304 San Juan, PR 00931-3304<\/p>\n","protected":false},"excerpt":{"rendered":"<p>Correo electr\u00f3nico del CELELI: celeli.upr@gmail.com N\u00famero de tel\u00e9fono: (787) 764-0000, extensi\u00f3n 89216 Direcci\u00f3n postal: CELELI Facultad de Educaci\u00f3n PO Box 23304 San Juan, PR 00931-3304<\/p>\n","protected":false},"author":2,"featured_media":0,"parent":0,"menu_order":0,"comment_status":"closed","ping_status":"closed","template":"","meta":{"footnotes":""},"class_list":["post-304","page","type-page","status-publish","hentry"],"_links":{"self":[{"href":"https:\/\/celeli.uprrp.edu\/index.php?rest_route=\/wp\/v2\/pages\/304","targetHints":{"allow":["GET"]}}],"collection":[{"href":"https:\/\/celeli.uprrp.edu\/index.php?rest_route=\/wp\/v2\/pages"}],"about":[{"href":"https:\/\/celeli.uprrp.edu\/index.php?rest_route=\/wp\/v2\/types\/page"}],"author":[{"embeddable":true,"href":"https:\/\/celeli.uprrp.edu\/index.php?rest_route=\/wp\/v2\/users\/2"}],"replies":[{"embeddable":true,"href":"https:\/\/celeli.uprrp.edu\/index.php?rest_route=%2Fwp%2Fv2%2Fcomments&post=304"}],"version-history":[{"count":6,"href":"https:\/\/celeli.uprrp.edu\/index.php?rest_route=\/wp\/v2\/pages\/304\/revisions"}],"predecessor-version":[{"id":3008,"href":"https:\/\/celeli.uprrp.edu\/index.php?rest_route=\/wp\/v2\/pages\/304\/revisions\/3008"}],"wp:attachment":[{"href":"https:\/\/celeli.uprrp.edu\/index.php?rest_route=%2Fwp%2Fv2%2Fmedia&parent=304"}],"curies":[{"name":"wp","href":"https:\/\/api.w.org\/{rel}","templated":true}]}}