{"id":2974,"date":"2024-12-11T14:10:44","date_gmt":"2024-12-11T18:10:44","guid":{"rendered":"https:\/\/celeli.uprrp.edu\/?page_id=2974"},"modified":"2024-12-11T16:08:18","modified_gmt":"2024-12-11T20:08:18","slug":"eventos-pasados-2","status":"publish","type":"page","link":"https:\/\/celeli.uprrp.edu\/?page_id=2974","title":{"rendered":"Eventos pasados"},"content":{"rendered":"\n<details class=\"wp-block-details is-layout-flow wp-block-details-is-layout-flow\"><summary>6 de noviembre de 2006- Conferencia Lulu Delacre<\/summary>\n<p>El 13 de noviembre de 2006, previo a la apertura del CELELI,\u00a0la reconocida autora e ilustradora Lul\u00fa Delacre nos honr\u00f3 con\u00a0una\u00a0charla sobre su obra.<\/p>\n\n\n<div class=\"wp-block-image\">\n<figure class=\"aligncenter size-full is-resized\"><a href=\"https:\/\/celeli.uprrp.edu\/wp-content\/uploads\/2024\/12\/image-4.png\"><img loading=\"lazy\" decoding=\"async\" width=\"1024\" height=\"497\" src=\"https:\/\/celeli.uprrp.edu\/wp-content\/uploads\/2024\/12\/image-4.png\" alt=\"\" class=\"wp-image-2984\" style=\"width:424px;height:auto\" srcset=\"https:\/\/celeli.uprrp.edu\/wp-content\/uploads\/2024\/12\/image-4.png 1024w, https:\/\/celeli.uprrp.edu\/wp-content\/uploads\/2024\/12\/image-4-300x146.png 300w, https:\/\/celeli.uprrp.edu\/wp-content\/uploads\/2024\/12\/image-4-768x373.png 768w\" sizes=\"auto, (max-width: 1024px) 100vw, 1024px\" \/><\/a><figcaption class=\"wp-element-caption\">Walter Torres, creador del logo del CELELI, \u00c1ngeles Molina Iturrondo, Georgina L\u00e1zaro Le\u00f3n, Lul\u00fa Delacre (conferenciante invitada), Ruth J. S\u00e1ez Vega, Carmen M. Cintr\u00f3n de Esteves y Adelina Arellano Osuna. (nov.06)<\/figcaption><\/figure>\n<\/div><\/details>\n\n\n\n<details class=\"wp-block-details is-layout-flow wp-block-details-is-layout-flow\"><summary>1 de mayo de 2007- Ceremonia de apertura del CELELI<\/summary>\n<p>Charla:\u00a0<em>De patito feo a cisne majestuoso<\/em>\u00a0(Ruth J. S\u00e1ez Vega)<\/p>\n\n\n\n<figure class=\"wp-block-image is-resized\"><a href=\"https:\/\/celeli.uprrp.edu\/wp-content\/uploads\/2012\/05\/Fotos-apertura-celeli-035.jpg\"><img decoding=\"async\" src=\"https:\/\/celeli.uprrp.edu\/wp-content\/uploads\/2012\/05\/Fotos-apertura-celeli-035-1024x768.jpg\" alt=\"\" style=\"width:451px;height:auto\" title=\"Fotos apertura celeli 035\"\/><\/a><\/figure>\n<\/details>\n\n\n\n<details class=\"wp-block-details is-layout-flow wp-block-details-is-layout-flow\"><summary>2 de octubre de 2007- Saludo al Marat\u00f3n<\/summary>\n<p>Lectura de cuentos a ni\u00f1os y ni\u00f1as del Laboratorio de Infantes y Maternales de la UPR.<\/p>\n\n\n\n<p>Lectura del cuento\u00a0<strong><em>Las manchas de Daniela<\/em><\/strong>\u00a0a ni\u00f1os y ni\u00f1as de la Escuela Maternal de la UPR (Wanda De Jes\u00fas Arvelo)<\/p>\n\n\n\n<p>Conversatorio:\u00a0<strong>El libro\u00a0ilustrado\u00a0<\/strong>(Georgina L\u00e1zaro y Walter Torres)<\/p>\n\n\n\n<div class=\"wp-block-group is-nowrap is-layout-flex wp-container-core-group-is-layout-ad2f72ca wp-block-group-is-layout-flex\">\n<div class=\"wp-block-group is-nowrap is-layout-flex wp-container-core-group-is-layout-ad2f72ca wp-block-group-is-layout-flex\"><div class=\"wp-block-image\">\n<figure class=\"aligncenter is-resized\"><a href=\"https:\/\/celeli.uprrp.edu\/wp-content\/uploads\/2013\/12\/ruth-leyendo-nino.jpg\"><img loading=\"lazy\" decoding=\"async\" width=\"369\" height=\"358\" src=\"https:\/\/celeli.uprrp.edu\/wp-content\/uploads\/2013\/12\/ruth-leyendo-nino.jpg\" alt=\"\" class=\"wp-image-1316\" style=\"width:251px;height:auto\" title=\"ruth leyendo nino\" srcset=\"https:\/\/celeli.uprrp.edu\/wp-content\/uploads\/2013\/12\/ruth-leyendo-nino.jpg 369w, https:\/\/celeli.uprrp.edu\/wp-content\/uploads\/2013\/12\/ruth-leyendo-nino-300x291.jpg 300w\" sizes=\"auto, (max-width: 369px) 100vw, 369px\" \/><\/a><\/figure>\n<\/div>\n\n<div class=\"wp-block-image\">\n<figure class=\"aligncenter is-resized\"><a href=\"https:\/\/celeli.uprrp.edu\/wp-content\/uploads\/2012\/05\/wanda-leyendo-manchas.jpg\"><img loading=\"lazy\" decoding=\"async\" width=\"1024\" height=\"768\" src=\"https:\/\/celeli.uprrp.edu\/wp-content\/uploads\/2012\/05\/wanda-leyendo-manchas.jpg\" alt=\"\" class=\"wp-image-1311\" style=\"width:327px;height:auto\" title=\"wanda leyendo manchas\" srcset=\"https:\/\/celeli.uprrp.edu\/wp-content\/uploads\/2012\/05\/wanda-leyendo-manchas.jpg 1024w, https:\/\/celeli.uprrp.edu\/wp-content\/uploads\/2012\/05\/wanda-leyendo-manchas-300x225.jpg 300w\" sizes=\"auto, (max-width: 1024px) 100vw, 1024px\" \/><\/a><\/figure>\n<\/div><\/div>\n\n\n<div class=\"wp-block-image\">\n<figure class=\"aligncenter is-resized\"><a href=\"https:\/\/celeli.uprrp.edu\/wp-content\/uploads\/2012\/05\/el-libro-ilustrado.jpg\"><img loading=\"lazy\" decoding=\"async\" width=\"1024\" height=\"768\" src=\"https:\/\/celeli.uprrp.edu\/wp-content\/uploads\/2012\/05\/el-libro-ilustrado.jpg\" alt=\"\" class=\"wp-image-1312\" style=\"width:326px;height:auto\" title=\"el libro ilustrado\" srcset=\"https:\/\/celeli.uprrp.edu\/wp-content\/uploads\/2012\/05\/el-libro-ilustrado.jpg 1024w, https:\/\/celeli.uprrp.edu\/wp-content\/uploads\/2012\/05\/el-libro-ilustrado-300x225.jpg 300w\" sizes=\"auto, (max-width: 1024px) 100vw, 1024px\" \/><\/a><\/figure>\n<\/div><\/div>\n<\/details>\n\n\n\n<details class=\"wp-block-details is-layout-flow wp-block-details-is-layout-flow\"><summary>5 de octubre de 2007- 2do Marat\u00f3n Puertorrique\u00f1o de Lectura<\/summary><div class=\"wp-block-image\">\n<figure class=\"aligncenter is-resized\"><a href=\"https:\/\/celeli.uprrp.edu\/wp-content\/uploads\/2012\/05\/2do-maraton.jpg\"><img loading=\"lazy\" decoding=\"async\" width=\"768\" height=\"1024\" src=\"https:\/\/celeli.uprrp.edu\/wp-content\/uploads\/2012\/05\/2do-maraton.jpg\" alt=\"\" class=\"wp-image-1313\" style=\"width:239px;height:auto\" title=\"2do maraton\" srcset=\"https:\/\/celeli.uprrp.edu\/wp-content\/uploads\/2012\/05\/2do-maraton.jpg 768w, https:\/\/celeli.uprrp.edu\/wp-content\/uploads\/2012\/05\/2do-maraton-225x300.jpg 225w\" sizes=\"auto, (max-width: 768px) 100vw, 768px\" \/><\/a><\/figure>\n<\/div><\/details>\n\n\n\n<details class=\"wp-block-details is-layout-flow wp-block-details-is-layout-flow\"><summary>26 de octubre de 2007- Presentaci\u00f3n de la Serie Dos Lenguas<\/summary>\n<p>Presentaci\u00f3n de la\u00a0<strong>Serie Dos Lenguas\u00a0<\/strong>(Olga Maldonado y Ruth J. S\u00e1ez Vega)<\/p>\n\n\n<div class=\"wp-block-image\">\n<figure class=\"aligncenter is-resized\"><a href=\"https:\/\/celeli.uprrp.edu\/wp-content\/uploads\/2012\/05\/serie-dos-lenguas.jpg\"><img loading=\"lazy\" decoding=\"async\" width=\"1024\" height=\"768\" src=\"https:\/\/celeli.uprrp.edu\/wp-content\/uploads\/2012\/05\/serie-dos-lenguas.jpg\" alt=\"\" class=\"wp-image-1314\" style=\"width:404px;height:auto\" title=\"serie dos lenguas\" srcset=\"https:\/\/celeli.uprrp.edu\/wp-content\/uploads\/2012\/05\/serie-dos-lenguas.jpg 1024w, https:\/\/celeli.uprrp.edu\/wp-content\/uploads\/2012\/05\/serie-dos-lenguas-300x225.jpg 300w\" sizes=\"auto, (max-width: 1024px) 100vw, 1024px\" \/><\/a><\/figure>\n<\/div><\/details>\n\n\n\n<details class=\"wp-block-details is-layout-flow wp-block-details-is-layout-flow\"><summary>2 de abril de 2008- D\u00eda Internacional del Libro Infantil<\/summary>\n<p>Presentaci\u00f3n del libro\u00a0<strong><em>Lo que le pas\u00f3 a Nina\u2026 \u00a1Pamplinas!<\/em><\/strong>\u00a0(Georgina L\u00e1zaro) y\u00a0entrega del\u00a0\u00a0Plan Lector de Ediciones SM al CELELI (\u00c1ngel P\u00e9rez, Presidente de Ediciones SM, Puerto Rico)<\/p>\n\n\n<div class=\"wp-block-image\">\n<figure class=\"alignleft is-resized\"><a href=\"https:\/\/celeli.uprrp.edu\/wp-content\/uploads\/2012\/05\/libro-Lo-que-le-pas%C3%B3-a-Nina.jpg\"><img decoding=\"async\" src=\"https:\/\/celeli.uprrp.edu\/wp-content\/uploads\/2012\/05\/libro-Lo-que-le-pas%C3%B3-a-Nina.jpg\" alt=\"\" class=\"wp-image-1333\" style=\"width:255px;height:auto\" title=\"libro Lo que le pas\u00f3 a Nina\"\/><\/a><\/figure>\n<\/div>\n\n\n<p><\/p>\n\n\n\n<p>Presentaci\u00f3n del libro Lo que le pas\u00f3 a Nina\u2026 \u00a1Pamplinas!&nbsp;&nbsp;y entrega del Plan Lector del Barco de Vapor de Ediciones SM<\/p>\n\n\n\n<p><\/p>\n\n\n\n<p><\/p>\n\n\n\n<p>Foro:\u00a0<strong>Literatura infantil: \u00bfrelatos para avivar la imaginaci\u00f3n o para cultivar la indiferencia?<\/strong>\u00a0(Walter Torres, Mrinali \u00c1lvarez , Juan Carlos Qui\u00f1ones, Tina Casanova y \u00c1ngeles Molina Iturrondo)<\/p>\n\n\n<div class=\"wp-block-image\">\n<figure class=\"aligncenter\"><a href=\"https:\/\/celeli.uprrp.edu\/wp-content\/uploads\/2012\/05\/foro.jpg\"><img loading=\"lazy\" decoding=\"async\" width=\"1024\" height=\"394\" src=\"https:\/\/celeli.uprrp.edu\/wp-content\/uploads\/2012\/05\/foro.jpg\" alt=\"\" class=\"wp-image-1334\" title=\"foro\" srcset=\"https:\/\/celeli.uprrp.edu\/wp-content\/uploads\/2012\/05\/foro.jpg 1024w, https:\/\/celeli.uprrp.edu\/wp-content\/uploads\/2012\/05\/foro-300x115.jpg 300w\" sizes=\"auto, (max-width: 1024px) 100vw, 1024px\" \/><\/a><\/figure>\n<\/div>\n\n\n<p><\/p>\n<\/details>\n\n\n\n<details class=\"wp-block-details is-layout-flow wp-block-details-is-layout-flow\"><summary>1 de octubre de 2008- Conversatorio: Literatura infantil multicultural con Sonia Nieto.<\/summary><div class=\"wp-block-image\">\n<figure class=\"aligncenter is-resized\"><a href=\"https:\/\/celeli.uprrp.edu\/wp-content\/uploads\/2012\/05\/Sonia-Nieto.jpg\"><img loading=\"lazy\" decoding=\"async\" width=\"1024\" height=\"768\" src=\"https:\/\/celeli.uprrp.edu\/wp-content\/uploads\/2012\/05\/Sonia-Nieto.jpg\" alt=\"\" class=\"wp-image-1335\" style=\"width:316px;height:auto\" title=\"Sonia Nieto\" srcset=\"https:\/\/celeli.uprrp.edu\/wp-content\/uploads\/2012\/05\/Sonia-Nieto.jpg 1024w, https:\/\/celeli.uprrp.edu\/wp-content\/uploads\/2012\/05\/Sonia-Nieto-300x225.jpg 300w\" sizes=\"auto, (max-width: 1024px) 100vw, 1024px\" \/><\/a><\/figure>\n<\/div><\/details>\n\n\n\n<details class=\"wp-block-details is-layout-flow wp-block-details-is-layout-flow\"><summary>3 de octubre de 2008- 3er Marat\u00f3n Puertorrique\u00f1o de Lectura<\/summary>\n<p>Lectura de:\u00a0<strong><em>La canasta llena de cosas del cielo<\/em>\u00a0<\/strong>(Georgina L\u00e1zaro)<\/p>\n\n\n<div class=\"wp-block-image\">\n<figure class=\"aligncenter is-resized\"><a href=\"https:\/\/celeli.uprrp.edu\/wp-content\/uploads\/2012\/05\/Georgina-Lazaro-lee.jpg\"><img loading=\"lazy\" decoding=\"async\" width=\"1024\" height=\"768\" src=\"https:\/\/celeli.uprrp.edu\/wp-content\/uploads\/2012\/05\/Georgina-Lazaro-lee.jpg\" alt=\"\" class=\"wp-image-1336\" style=\"width:340px;height:auto\" title=\"Georgina Lazaro lee\" srcset=\"https:\/\/celeli.uprrp.edu\/wp-content\/uploads\/2012\/05\/Georgina-Lazaro-lee.jpg 1024w, https:\/\/celeli.uprrp.edu\/wp-content\/uploads\/2012\/05\/Georgina-Lazaro-lee-300x225.jpg 300w\" sizes=\"auto, (max-width: 1024px) 100vw, 1024px\" \/><\/a><\/figure>\n<\/div>\n\n\n<p>Georgina L\u00e1zaro lee: La canasta llena de cosas del cielo&nbsp;a profesores, estudiantes y personal no docente de la Facultad de Educaci\u00f3n<\/p>\n<\/details>\n\n\n\n<details class=\"wp-block-details is-layout-flow wp-block-details-is-layout-flow\"><summary>2 de abril de 2009- D\u00eda Internacional del Libro Infantil <br><\/summary>\n<p>Tertulia:\u00a0<strong>Lo nuestro en la literatura infantil<\/strong>\u00a0(Zulma Ayes, Juan Antonio Ramos y Georgina L\u00e1zaro)<\/p>\n\n\n<div class=\"wp-block-image\">\n<figure class=\"aligncenter is-resized\"><a href=\"https:\/\/celeli.uprrp.edu\/wp-content\/uploads\/2012\/05\/tertulia.jpg\"><img loading=\"lazy\" decoding=\"async\" width=\"1024\" height=\"768\" src=\"https:\/\/celeli.uprrp.edu\/wp-content\/uploads\/2012\/05\/tertulia.jpg\" alt=\"\" class=\"wp-image-1337\" style=\"width:468px;height:auto\" title=\"tertulia\" srcset=\"https:\/\/celeli.uprrp.edu\/wp-content\/uploads\/2012\/05\/tertulia.jpg 1024w, https:\/\/celeli.uprrp.edu\/wp-content\/uploads\/2012\/05\/tertulia-300x225.jpg 300w\" sizes=\"auto, (max-width: 1024px) 100vw, 1024px\" \/><\/a><\/figure>\n<\/div><\/details>\n\n\n\n<details class=\"wp-block-details is-layout-flow wp-block-details-is-layout-flow\"><summary>13 de mayo de 2009- Presentaci\u00f3n de libros adaptados al Braile<br><\/summary>\n<p>Presentaci\u00f3n de\u00a0<strong>libros adaptados al Braille<\/strong>\u00a0para estudiantes con impedimentos visuales a cargo de la Prof. Ruth Otero y sus alumnos (Participaron\u00a0los\u00a0siguientes autores e\u00a0ilustradores: Evelyn Cruz, Sunshine Logro\u00f1o, N\u00edvea Ortiz, Walter Torres y Marjorie Ann V\u00e9lez)<\/p>\n\n\n<div class=\"wp-block-image\">\n<figure class=\"aligncenter is-resized\"><a href=\"https:\/\/celeli.uprrp.edu\/wp-content\/uploads\/2012\/05\/libros-braille.jpg\"><img loading=\"lazy\" decoding=\"async\" width=\"1024\" height=\"768\" src=\"https:\/\/celeli.uprrp.edu\/wp-content\/uploads\/2012\/05\/libros-braille.jpg\" alt=\"\" class=\"wp-image-1339\" style=\"width:449px;height:auto\" title=\"libros braille\" srcset=\"https:\/\/celeli.uprrp.edu\/wp-content\/uploads\/2012\/05\/libros-braille.jpg 1024w, https:\/\/celeli.uprrp.edu\/wp-content\/uploads\/2012\/05\/libros-braille-300x225.jpg 300w\" sizes=\"auto, (max-width: 1024px) 100vw, 1024px\" \/><\/a><\/figure>\n<\/div><\/details>\n\n\n\n<details class=\"wp-block-details is-layout-flow wp-block-details-is-layout-flow\"><summary>8 de septiembre de 2009- D\u00eda Internacional de la Alfabetizaci\u00f3n<\/summary>\n<p>Presentaci\u00f3n de\u00a0los\u00a0hallazgos de la investigaci\u00f3n:\u00a0<strong>Promoci\u00f3n de la lectura durante la preescolaridad<\/strong>\u00a0(Ruth J. S\u00e1ez Vega, Marilia Scharr\u00f3n del R\u00edo y Paula Rodr\u00edguez V\u00e9lez)<\/p>\n\n\n<div class=\"wp-block-image\">\n<figure class=\"aligncenter is-resized\"><a href=\"https:\/\/celeli.uprrp.edu\/wp-content\/uploads\/2012\/05\/Promoci%C3%B3n-de-la-lectura-durante-la-preescolaridad.jpg\"><img decoding=\"async\" src=\"https:\/\/celeli.uprrp.edu\/wp-content\/uploads\/2012\/05\/Promoci%C3%B3n-de-la-lectura-durante-la-preescolaridad.jpg\" alt=\"\" class=\"wp-image-1340\" style=\"width:388px;height:auto\" title=\"Promoci\u00f3n de la lectura durante la preescolaridad\"\/><\/a><\/figure>\n<\/div><\/details>\n\n\n\n<details class=\"wp-block-details is-layout-flow wp-block-details-is-layout-flow\"><summary>2 de octubre de 2009- 4to Marat\u00f3n Puertorrique\u00f1o de Lectura<\/summary>\n<p><\/p>\n<\/details>\n\n\n\n<details class=\"wp-block-details is-layout-flow wp-block-details-is-layout-flow\"><summary>7 de octubre de 2009- Conversatorio: A prop\u00f3sito de la censura<\/summary>\n<p>Conversatorio:\u00a0<strong>A\u00a0prop\u00f3sito\u00a0de la censura<\/strong>\u00a0(Antonio Martorell,\u00a0India Bobonis, Wanda De Jes\u00fas y\u00a0Aura M. Rodr\u00edguez)<\/p>\n\n\n<div class=\"wp-block-image\">\n<figure class=\"aligncenter is-resized\"><a href=\"https:\/\/celeli.uprrp.edu\/wp-content\/uploads\/2012\/05\/conversatorio.jpg\"><img loading=\"lazy\" decoding=\"async\" width=\"1024\" height=\"590\" src=\"https:\/\/celeli.uprrp.edu\/wp-content\/uploads\/2012\/05\/conversatorio.jpg\" alt=\"\" class=\"wp-image-1341\" style=\"width:476px;height:auto\" title=\"conversatorio\" srcset=\"https:\/\/celeli.uprrp.edu\/wp-content\/uploads\/2012\/05\/conversatorio.jpg 1024w, https:\/\/celeli.uprrp.edu\/wp-content\/uploads\/2012\/05\/conversatorio-300x172.jpg 300w\" sizes=\"auto, (max-width: 1024px) 100vw, 1024px\" \/><\/a><\/figure>\n<\/div><\/details>\n\n\n\n<details class=\"wp-block-details is-layout-flow wp-block-details-is-layout-flow\"><summary>20 de\u00a0octubre\u00a0de 2009- Presentaci\u00f3n de investigaci\u00f3n: Promoci\u00f3n de la lectura durante la preescolaridad<\/summary>\n<p>Presentaci\u00f3n de\u00a0los\u00a0hallazgos de la investigaci\u00f3n:\u00a0<strong>Promoci\u00f3n de la lectura durante la preescolaridad<\/strong>\u00a0(Ruth J. S\u00e1ez Vega y Marilia Scharr\u00f3n del R\u00edo)<\/p>\n\n\n<div class=\"wp-block-image\">\n<figure class=\"aligncenter is-resized\"><a href=\"https:\/\/celeli.uprrp.edu\/wp-content\/uploads\/2013\/12\/Promoci%C3%B3n-de-la-lectura-durante-la-preescolaridad-2.jpg\"><img decoding=\"async\" src=\"https:\/\/celeli.uprrp.edu\/wp-content\/uploads\/2013\/12\/Promoci%C3%B3n-de-la-lectura-durante-la-preescolaridad-2.jpg\" alt=\"\" class=\"wp-image-1327\" style=\"width:343px;height:auto\" title=\"Promoci\u00f3n de la lectura durante la preescolaridad 2\"\/><\/a><\/figure>\n<\/div><\/details>\n\n\n\n<details class=\"wp-block-details is-layout-flow wp-block-details-is-layout-flow\"><summary>3 de marzo de 2010- Presentaci\u00f3n de libros adaptados al Braile<\/summary>\n<p>Presentaci\u00f3n de\u00a0<strong>libros adaptados al Braille<\/strong>\u00a0para estudiantes con impedimentos visuales a cargo de la Prof. Ruth Otero y sus alumnos (Participaron\u00a0las\u00a0siguientes ilustradoras: N\u00edvea Ortiz y Sof\u00eda S\u00e1ez)<\/p>\n\n\n<div class=\"wp-block-image\">\n<figure class=\"aligncenter is-resized\"><a href=\"https:\/\/celeli.uprrp.edu\/wp-content\/uploads\/2013\/12\/Presentaci%C3%B3n-de-libros-adaptados-al-Braille-2.jpg\"><img decoding=\"async\" src=\"https:\/\/celeli.uprrp.edu\/wp-content\/uploads\/2013\/12\/Presentaci%C3%B3n-de-libros-adaptados-al-Braille-2.jpg\" alt=\"\" class=\"wp-image-1326\" style=\"width:444px;height:auto\" title=\"Presentaci\u00f3n de libros adaptados al Braille 2\"\/><\/a><\/figure>\n<\/div><\/details>\n\n\n\n<details class=\"wp-block-details is-layout-flow wp-block-details-is-layout-flow\"><summary>19 de marzo de 2010- Encuentro de promotores<\/summary>\n<p><strong>Encuentro de promotores de salas de literatura infantil<\/strong>\u00a0(Mar\u00eda Agrinsoni, Carmen M. Cintr\u00f3n de Esteves, Wanda De Jes\u00fas Arvelo\u00a0y\u00a0\u00c1ngeles Molina)<\/p>\n<\/details>\n\n\n\n<details class=\"wp-block-details is-layout-flow wp-block-details-is-layout-flow\"><summary>14 de abril de 2011- En ocasi\u00f3n del D\u00eda\u00a0Internacional\u00a0del Libro Infantil, 2 de abril<\/summary>\n<p><strong>Literatura infantil,\u00a0promoci\u00f3n\u00a0de la lectura y formaci\u00f3n de lectores \u00a0<\/strong><\/p>\n\n\n\n<p>Panel:\u00a0(H\u00e9ctor Aparicio, Diana Bernard, Mar\u00eda del Roc\u00edo Costa, Marisol Par\u00e9s, Carmen Rivera-Lass\u00e9n y Sof\u00eda S\u00e1ez Matos)<\/p>\n\n\n\n<p>Talleres: (Noem\u00ed Betancourt, Zayelit Budet, Wanda De Jes\u00fas y\u00a0Jessica Gonz\u00e1lez)<\/p>\n\n\n\n<p>Videoconferencia:\u00a0<strong>La literatura infantil a partir de Hans Christian Andersen<\/strong>\u00a0(Carlos Rubio, Costa Rica).<\/p>\n\n\n\n<p>Charla:\u00a0<strong>El amor a la\u00a0lectura\u00a0no se ense\u00f1a, se regala<\/strong>\u00a0(Georgina L\u00e1zaro)<\/p>\n\n\n\n<figure class=\"wp-block-gallery aligncenter has-nested-images columns-default is-cropped wp-block-gallery-1 is-layout-flex wp-block-gallery-is-layout-flex\">\n<figure class=\"wp-block-image size-large\"><a href=\"https:\/\/celeli.uprrp.edu\/wp-content\/uploads\/2013\/12\/panel-2.jpg\"><img loading=\"lazy\" decoding=\"async\" width=\"1024\" height=\"768\" data-id=\"1325\" src=\"https:\/\/celeli.uprrp.edu\/wp-content\/uploads\/2013\/12\/panel-2.jpg\" alt=\"\" class=\"wp-image-1325\" title=\"panel 2\" srcset=\"https:\/\/celeli.uprrp.edu\/wp-content\/uploads\/2013\/12\/panel-2.jpg 1024w, https:\/\/celeli.uprrp.edu\/wp-content\/uploads\/2013\/12\/panel-2-300x225.jpg 300w\" sizes=\"auto, (max-width: 1024px) 100vw, 1024px\" \/><\/a><\/figure>\n\n\n\n<figure class=\"wp-block-image size-large\"><a href=\"https:\/\/celeli.uprrp.edu\/wp-content\/uploads\/2013\/12\/talleres.jpg\"><img loading=\"lazy\" decoding=\"async\" width=\"1024\" height=\"768\" data-id=\"1329\" src=\"https:\/\/celeli.uprrp.edu\/wp-content\/uploads\/2013\/12\/talleres.jpg\" alt=\"\" class=\"wp-image-1329\" title=\"talleres\" srcset=\"https:\/\/celeli.uprrp.edu\/wp-content\/uploads\/2013\/12\/talleres.jpg 1024w, https:\/\/celeli.uprrp.edu\/wp-content\/uploads\/2013\/12\/talleres-300x225.jpg 300w\" sizes=\"auto, (max-width: 1024px) 100vw, 1024px\" \/><\/a><\/figure>\n<\/figure>\n\n\n\n<div class=\"wp-block-group is-nowrap is-layout-flex wp-container-core-group-is-layout-ad2f72ca wp-block-group-is-layout-flex\"><div class=\"wp-block-image\">\n<figure class=\"aligncenter is-resized\"><a href=\"https:\/\/celeli.uprrp.edu\/wp-content\/uploads\/2013\/12\/videoconferencia.jpg\"><img loading=\"lazy\" decoding=\"async\" width=\"1024\" height=\"768\" src=\"https:\/\/celeli.uprrp.edu\/wp-content\/uploads\/2013\/12\/videoconferencia.jpg\" alt=\"\" class=\"wp-image-1331\" style=\"width:388px;height:auto\" title=\"videoconferencia\" srcset=\"https:\/\/celeli.uprrp.edu\/wp-content\/uploads\/2013\/12\/videoconferencia.jpg 1024w, https:\/\/celeli.uprrp.edu\/wp-content\/uploads\/2013\/12\/videoconferencia-300x225.jpg 300w\" sizes=\"auto, (max-width: 1024px) 100vw, 1024px\" \/><\/a><\/figure>\n<\/div>\n\n<div class=\"wp-block-image\">\n<figure class=\"aligncenter is-resized\"><a href=\"https:\/\/celeli.uprrp.edu\/wp-content\/uploads\/2012\/05\/IMG_0636.jpg\"><img loading=\"lazy\" decoding=\"async\" width=\"768\" height=\"1024\" src=\"https:\/\/celeli.uprrp.edu\/wp-content\/uploads\/2012\/05\/IMG_0636-768x1024.jpg\" alt=\"\" class=\"wp-image-1034\" style=\"width:218px;height:auto\" title=\"D\u00eda Int. del Libro Infantil 2011 (Georgina L\u00e1zaro)\" srcset=\"https:\/\/celeli.uprrp.edu\/wp-content\/uploads\/2012\/05\/IMG_0636-768x1024.jpg 768w, https:\/\/celeli.uprrp.edu\/wp-content\/uploads\/2012\/05\/IMG_0636-225x300.jpg 225w\" sizes=\"auto, (max-width: 768px) 100vw, 768px\" \/><\/a><\/figure>\n<\/div><\/div>\n<\/details>\n\n\n\n<details class=\"wp-block-details is-layout-flow wp-block-details-is-layout-flow\"><summary>8 de septiembre de 2011- D\u00eda Internacional de la Alfabetizaci\u00f3n<\/summary>\n<p><strong>D\u00eda Internacional de la Alfabetizaci\u00f3n\u00a0<\/strong>(en colaboraci\u00f3n con la C\u00e1tedra UNESCO de Educaci\u00f3n para la PAZ)<\/p>\n\n\n\n<p>Narraci\u00f3n de cuentos para\u00a0<strong><em>Alfabetizar para la Paz\u00a0<\/em><\/strong>(Tere Marichal)<\/p>\n\n\n<div class=\"wp-block-image\">\n<figure class=\"aligncenter is-resized\"><a href=\"https:\/\/celeli.uprrp.edu\/wp-content\/uploads\/2013\/12\/Narraci%C3%B3n-de-cuentos.jpg\"><img decoding=\"async\" src=\"https:\/\/celeli.uprrp.edu\/wp-content\/uploads\/2013\/12\/Narraci%C3%B3n-de-cuentos.jpg\" alt=\"\" class=\"wp-image-1324\" style=\"width:303px;height:auto\" title=\"Narraci\u00f3n de cuentos\"\/><\/a><\/figure>\n<\/div><\/details>\n\n\n\n<details class=\"wp-block-details is-layout-flow wp-block-details-is-layout-flow\"><summary>6 al 14 de febrero de 2012- Semana del Cari\u00f1o <\/summary>\n<p>\u00a0<strong>Semana del Cari\u00f1o<\/strong>\u00a0(en honor a los ni\u00f1os y las ni\u00f1as del Proyecto Alianzas de Lectura Puerto Rico \u2013 Guatemala).<\/p>\n\n\n\n<p>Narraci\u00f3n y lectura de lectura de cuentos a diario (Wanda De Jes\u00fas, Rosarito del R\u00edo, Tere Marichal, Isamar Rosado y Marilia Scharr\u00f3n)<\/p>\n<\/details>\n\n\n\n<details class=\"wp-block-details is-layout-flow wp-block-details-is-layout-flow\"><summary>5 de septiembre de 2012- Aniversario del CELELI <\/summary>\n<p>Celebraci\u00f3n de los pasados 5 a\u00f1os de trayectoria y legado del CELELI. Se cont\u00f3 con la participaci\u00f3n de distinguidos autores e ilustradores puertorrique\u00f1os, as\u00ed como de colaboradores importantes que han respaldado y contribuido al CELELI a lo largo de su historia.<\/p>\n<\/details>\n\n\n\n<details class=\"wp-block-details is-layout-flow wp-block-details-is-layout-flow\"><summary>5 de octubre de 2012- 7mo Marat\u00f3n Puertorrique\u00f1o de Lectura<\/summary>\n<p>En el 7mo Marat\u00f3n Puertorrique\u00f1o de Lectura pudimos sobrepasar\u00a0 nuestra meta inicial de 100,000 inscritos, al lograr que m\u00e1s de 116,000 lectores en Puerto Rico, Guatemala, Per\u00fa, Rep\u00fablica Dominicana y Estados Unidos, se \u201c<em>sumergieran en la\u00a0lectura<\/em>\u201c.<\/p>\n<\/details>\n\n\n\n<details class=\"wp-block-details is-layout-flow wp-block-details-is-layout-flow\"><summary>14 de noviembre de 2012- Colaboraci\u00f3n con la C\u00e1tedra UNESCO de Educaci\u00f3n para la Paz durante la semana de Prevenci\u00f3n de abuso y violencia conta ni\u00f1os y j\u00f3venes<\/summary>\n<p>\u00a0<strong>Prevenci\u00f3n de abuso y violencia contra ni\u00f1os y j\u00f3venes<\/strong><\/p>\n\n\n\n<p>Como parte de la semana de concienciaci\u00f3n\u00a0<em>Prevenci\u00f3n de abuso y violencia contra ni\u00f1os y j\u00f3venes<\/em>, se cre\u00f3 una bibliograf\u00eda de literatura infantil disponible en el CELELI, as\u00ed como una exposici\u00f3n de los libros relacionada al tema de la prevenci\u00f3n del abuso y violencia contra ni\u00f1os y j\u00f3venes en el Caf\u00e9 Galer\u00eda de la Facultad de Educaci\u00f3n, Recinto de R\u00edo Piedras, Universidad de Puerto Rico.<\/p>\n<\/details>\n","protected":false},"excerpt":{"rendered":"","protected":false},"author":2,"featured_media":0,"parent":0,"menu_order":0,"comment_status":"closed","ping_status":"closed","template":"","meta":{"footnotes":""},"class_list":["post-2974","page","type-page","status-publish","hentry"],"_links":{"self":[{"href":"https:\/\/celeli.uprrp.edu\/index.php?rest_route=\/wp\/v2\/pages\/2974","targetHints":{"allow":["GET"]}}],"collection":[{"href":"https:\/\/celeli.uprrp.edu\/index.php?rest_route=\/wp\/v2\/pages"}],"about":[{"href":"https:\/\/celeli.uprrp.edu\/index.php?rest_route=\/wp\/v2\/types\/page"}],"author":[{"embeddable":true,"href":"https:\/\/celeli.uprrp.edu\/index.php?rest_route=\/wp\/v2\/users\/2"}],"replies":[{"embeddable":true,"href":"https:\/\/celeli.uprrp.edu\/index.php?rest_route=%2Fwp%2Fv2%2Fcomments&post=2974"}],"version-history":[{"count":3,"href":"https:\/\/celeli.uprrp.edu\/index.php?rest_route=\/wp\/v2\/pages\/2974\/revisions"}],"predecessor-version":[{"id":2985,"href":"https:\/\/celeli.uprrp.edu\/index.php?rest_route=\/wp\/v2\/pages\/2974\/revisions\/2985"}],"wp:attachment":[{"href":"https:\/\/celeli.uprrp.edu\/index.php?rest_route=%2Fwp%2Fv2%2Fmedia&parent=2974"}],"curies":[{"name":"wp","href":"https:\/\/api.w.org\/{rel}","templated":true}]}}