{"id":2924,"date":"2024-12-11T09:55:11","date_gmt":"2024-12-11T13:55:11","guid":{"rendered":"https:\/\/celeli.uprrp.edu\/?page_id=2924"},"modified":"2024-12-11T13:06:36","modified_gmt":"2024-12-11T17:06:36","slug":"preguntas-frecuentes","status":"publish","type":"page","link":"https:\/\/celeli.uprrp.edu\/?page_id=2924","title":{"rendered":"Preguntas frecuentes"},"content":{"rendered":"\n<h3 class=\"wp-block-heading\"><strong>\u00bfD\u00f3nde se celebra el&nbsp;<em>Marat\u00f3n<\/em>?<\/strong><\/h3>\n\n\n\n<p>El\u00a0<strong><em>Marat\u00f3n<\/em><\/strong>\u00a0se celebra en toda Latinoam\u00e9rica. No hay un lugar espec\u00edfico para la celebraci\u00f3n. Cada participante o grupo de participantes decide d\u00f3nde y c\u00f3mo lo celebrar\u00e1: en el hogar, en las escuelas, en las universidades, en los centros de trabajo, en organizaciones de base comunitaria, en hospitales, en fin, en cualquier lugar. Lo importante es que haya lectores interesados en unirse a este maravilloso evento dedicado al placer de leer.<\/p>\n\n\n\n<h3 class=\"wp-block-heading\"><strong>\u00bfQu\u00e9 actividades se llevan a cabo durante el&nbsp;<em>Marat\u00f3n<\/em>?<\/strong><\/h3>\n\n\n\n<p>En este evento podemos leer de una y mil formas divertidas e interesantes, seg\u00fan el inter\u00e9s de los participantes. Entre las actividades de lectura recomendadas podemos sugerir las siguientes:<\/p>\n\n\n\n<ul class=\"wp-block-list\">\n<li>Lectura individual<\/li>\n\n\n\n<li>Lectura en parejas<\/li>\n\n\n\n<li>Lectura coreada<\/li>\n\n\n\n<li>Lectura teatralizada<\/li>\n\n\n\n<li>Lectura engrupos peque\u00f1os<\/li>\n\n\n\n<li>Lecturas a cargo de los padres<\/li>\n\n\n\n<li>Lecturas a cargo de los maestros<\/li>\n\n\n\n<li>Lecturas a cargo de los ni\u00f1os y ni\u00f1as<\/li>\n\n\n\n<li>Lecturas a cargo de los j\u00f3venes<\/li>\n\n\n\n<li>Lecturas a cargo de autores visitantes<\/li>\n\n\n\n<li>Lecturas a cargo de otro personal de apoyo<\/li>\n\n\n\n<li>Dramatizaci\u00f3n de cuentos<\/li>\n\n\n\n<li>Narraciones de cuentos digitalizados<\/li>\n\n\n\n<li>Narraciones con felp\u00f3grafos<\/li>\n\n\n\n<li>Narraciones con marionetas<\/li>\n\n\n\n<li>Narraciones de\u00a0<em>cuentacuentos<\/em><\/li>\n<\/ul>\n\n\n\n<p>En esta maravillosa jornada podemos incluir la planificaci\u00f3n de actividades de enriquecimiento, sencillas y divertidas, generadas a partir de la lectura de los cuentos.&nbsp;<\/p>\n\n\n\n<p>Te ofrecemos algunas ideas en nuestro manual, disponible en el \u00e1rea de recursos:&nbsp;<a href=\"https:\/\/celeli.uprrp.edu\/?page_id=2313\">https:\/\/celeli.uprrp.edu\/?page_id=2313<\/a><\/p>\n\n\n\n<h3 class=\"wp-block-heading\"><strong>\u00bfQui\u00e9nes pueden participar en el&nbsp;<em>Marat\u00f3n<\/em>?<\/strong><\/h3>\n\n\n\n<p>Pueden participar todas las personas e instituciones interesadas en formar parte de la iniciativa, dispuestas a organizar actividades para ofrecer el d\u00eda 8 de septiembre a sus participantes.<\/p>\n\n\n\n<h3 class=\"wp-block-heading\"><strong>\u00bfEs necesario que toda la escuela participe en el&nbsp;<\/strong><strong><em>Marat\u00f3n<\/em>&nbsp;o pueden participar uno o varios grupos solamente?&nbsp;<\/strong><\/h3>\n\n\n\n<p>El&nbsp;<strong><em>Marat\u00f3n<\/em><\/strong>&nbsp;est\u00e1 abierto a grupos de todos los tama\u00f1os. Por ejemplo, en una escuela la participaci\u00f3n puede variar desde solamente un sal\u00f3n, hasta la escuela completa.<strong><em>&nbsp;<\/em><\/strong><\/p>\n\n\n\n<h3 class=\"wp-block-heading\"><strong>Mi escuela tiene grupos desde preescolar hasta duod\u00e9cimo grado, \u00bfHasta qu\u00e9 edad pueden participar?<\/strong><\/h3>\n\n\n\n<p>El<strong>\u00a0<em>Marat\u00f3n Latinoamericano de Lectura<\/em>\u00a0<\/strong>es para todos. En las pasados a\u00f1os hemos tenido participantes de todas las edades, desde grupos de infantes y maternales hasta personal no docente en las universidades.<\/p>\n\n\n\n<p>En numerosas ocasiones, escuelas enteras se han incorporado al<strong>&nbsp;<em>Marat\u00f3n&nbsp;<\/em><\/strong>y han logrado crear experiencias realmente divertidas y creativas para todos los niveles. El tipo de participaci\u00f3n var\u00eda de escuela en escuela. En algunas ocasiones cada sal\u00f3n ha tenido sus propias actividades, muy diferentes las unas de las otras. En otras, han hecho actividades similares, s\u00f3lo que con las adaptaciones necesarias para cada edad. En algunas escuelas, los estudiantes mayores han trabajado como facilitadores con los estudiantes m\u00e1s peque\u00f1os (en calidad de lectores o promotores de las actividades).<\/p>\n\n\n\n<h3 class=\"wp-block-heading\"><strong>\u00bfQu\u00e9 hay que&nbsp;hacer&nbsp;para participar?<\/strong><\/h3>\n\n\n\n<p>Para participar en el\u00a0<strong><em>\u00a0Marat\u00f3n<\/em><\/strong>\u00a0s\u00f3lo tiene que completar el formulario de inscripci\u00f3n disponible en la pesta\u00f1a principal del\u00a0<strong><em>Marat\u00f3n Latinoamericano de Lectura\u00a0<\/em><\/strong>o a trav\u00e9s de nuestro Facebook:\u00a0<a href=\"https:\/\/www.facebook.com\/maraton.latinoamericano.lectura\/\" data-type=\"link\" data-id=\"https:\/\/www.facebook.com\/maraton.latinoamericano.lectura\/\">Marat\u00f3n Latinoamericano de Lectura<\/a>.<\/p>\n\n\n\n<h3 class=\"wp-block-heading\"><strong>\u00bfQu\u00e9 pasa luego del Marat\u00f3n?<\/strong><\/h3>\n\n\n\n<p>Nos interesa mucho conocer su experiencia del\u00a0<em><strong>Marat\u00f3n<\/strong><\/em>\u00a0y poder compartirlas con los dem\u00e1s participantes a trav\u00e9s de nuestro Facebook. A esos efectos, colocamos en la\u00a0<a href=\"https:\/\/celeli.uprrp.edu\/?page_id=1505\" data-type=\"link\" data-id=\"https:\/\/celeli.uprrp.edu\/?page_id=1505\">p\u00e1gina principa<\/a><a href=\"https:\/\/celeli.uprrp.edu\/?page_id=13\">l<\/a>\u00a0y en nuestra p\u00e1gina de Facebook,\u00a0<strong><a href=\"https:\/\/www.facebook.com\/maraton.latinoamericano.lectura\/\" data-type=\"link\" data-id=\"https:\/\/www.facebook.com\/maraton.latinoamericano.lectura\/\">Marat\u00f3n Latinoamericano de Lectura<\/a><\/strong>, una plantilla base para que puedan crear un collage con las fotos tomadas durante el evento. Una vez creado el collage, puede enviarlo a nuestro correo electr\u00f3nico:\u00a0<strong>maratondelecturapr@gmail.com<\/strong>\u00a0con el nombre del pueblo, escuela u organizaci\u00f3n de la cual participan, el pa\u00eds y el nombre de los docentes y personal que ayudaron a llevar a cabo la actividad. Nos gusta ver a los participantes en acci\u00f3n, por lo que fotos posadas no tendr\u00e1n prioridad al momento de ser compartidas.<\/p>\n\n\n\n<h3 class=\"wp-block-heading\"><strong>\u00bfC\u00f3mo puedo comunicarme con los organizadores del Marat\u00f3n?&nbsp;<\/strong><\/h3>\n\n\n\n<p>Puede comunicarse con el CELELI a trav\u00e9s de nuestro correo electr\u00f3nico:&nbsp;<strong>maratondelecturapr@gmail.com<\/strong>&nbsp;o llamar al n\u00famero de tel\u00e9fono&nbsp;<strong>(787) 764-0000 extensi\u00f3n 89216.<\/strong><\/p>\n","protected":false},"excerpt":{"rendered":"<p>\u00bfD\u00f3nde se celebra el&nbsp;Marat\u00f3n? El\u00a0Marat\u00f3n\u00a0se celebra en toda Latinoam\u00e9rica. No hay un lugar espec\u00edfico para la celebraci\u00f3n. Cada participante o grupo de participantes decide d\u00f3nde y c\u00f3mo lo celebrar\u00e1: en el hogar, en las escuelas, en las universidades, en los &hellip; <a href=\"https:\/\/celeli.uprrp.edu\/?page_id=2924\">Continue reading <span class=\"meta-nav\">&rarr;<\/span><\/a><\/p>\n","protected":false},"author":2,"featured_media":0,"parent":0,"menu_order":0,"comment_status":"closed","ping_status":"closed","template":"","meta":{"footnotes":""},"class_list":["post-2924","page","type-page","status-publish","hentry"],"_links":{"self":[{"href":"https:\/\/celeli.uprrp.edu\/index.php?rest_route=\/wp\/v2\/pages\/2924","targetHints":{"allow":["GET"]}}],"collection":[{"href":"https:\/\/celeli.uprrp.edu\/index.php?rest_route=\/wp\/v2\/pages"}],"about":[{"href":"https:\/\/celeli.uprrp.edu\/index.php?rest_route=\/wp\/v2\/types\/page"}],"author":[{"embeddable":true,"href":"https:\/\/celeli.uprrp.edu\/index.php?rest_route=\/wp\/v2\/users\/2"}],"replies":[{"embeddable":true,"href":"https:\/\/celeli.uprrp.edu\/index.php?rest_route=%2Fwp%2Fv2%2Fcomments&post=2924"}],"version-history":[{"count":2,"href":"https:\/\/celeli.uprrp.edu\/index.php?rest_route=\/wp\/v2\/pages\/2924\/revisions"}],"predecessor-version":[{"id":2962,"href":"https:\/\/celeli.uprrp.edu\/index.php?rest_route=\/wp\/v2\/pages\/2924\/revisions\/2962"}],"wp:attachment":[{"href":"https:\/\/celeli.uprrp.edu\/index.php?rest_route=%2Fwp%2Fv2%2Fmedia&parent=2924"}],"curies":[{"name":"wp","href":"https:\/\/api.w.org\/{rel}","templated":true}]}}