{"id":2728,"date":"2024-12-10T15:20:43","date_gmt":"2024-12-10T19:20:43","guid":{"rendered":"https:\/\/celeli.uprrp.edu\/?page_id=2728"},"modified":"2024-12-10T15:20:43","modified_gmt":"2024-12-10T19:20:43","slug":"bienvenidos","status":"publish","type":"page","link":"https:\/\/celeli.uprrp.edu\/","title":{"rendered":"\u00a1Bienvenidos!"},"content":{"rendered":"\n<p>En el Centro para el Estudio de la Lectura, la Escritura y la Literatura Infantil (CELELI) contamos con una colecci\u00f3n de libros infantiles y juveniles de m\u00e1s de 7,000 obras, que incluyen literatura de autores e ilustradores puertorrique\u00f1os, latinoamericanos y del mundo entero. Con la meta de promover, divulgar e investigar la literatura infantil, servimos a la comunidad en general, tanto para aquellos que buscan investigar como aquellos que gustan sentarse a leer. <\/p>\n\n\n\n<p>\u00a1Ven, vis\u00edtanos y explora la colecci\u00f3n de\u00a0literatura\u00a0infantil\u00a0y juvenil del CELELI!<\/p>\n\n\n\n<p><\/p>\n","protected":false},"excerpt":{"rendered":"<p>En el Centro para el Estudio de la Lectura, la Escritura y la Literatura Infantil (CELELI) contamos con una colecci\u00f3n de libros infantiles y juveniles de m\u00e1s de 7,000 obras, que incluyen literatura de autores e ilustradores puertorrique\u00f1os, latinoamericanos y &hellip; <a href=\"https:\/\/celeli.uprrp.edu\/\">Continue reading <span class=\"meta-nav\">&rarr;<\/span><\/a><\/p>\n","protected":false},"author":2,"featured_media":0,"parent":0,"menu_order":0,"comment_status":"closed","ping_status":"closed","template":"","meta":{"footnotes":""},"class_list":["post-2728","page","type-page","status-publish","hentry"],"_links":{"self":[{"href":"https:\/\/celeli.uprrp.edu\/index.php?rest_route=\/wp\/v2\/pages\/2728","targetHints":{"allow":["GET"]}}],"collection":[{"href":"https:\/\/celeli.uprrp.edu\/index.php?rest_route=\/wp\/v2\/pages"}],"about":[{"href":"https:\/\/celeli.uprrp.edu\/index.php?rest_route=\/wp\/v2\/types\/page"}],"author":[{"embeddable":true,"href":"https:\/\/celeli.uprrp.edu\/index.php?rest_route=\/wp\/v2\/users\/2"}],"replies":[{"embeddable":true,"href":"https:\/\/celeli.uprrp.edu\/index.php?rest_route=%2Fwp%2Fv2%2Fcomments&post=2728"}],"version-history":[{"count":2,"href":"https:\/\/celeli.uprrp.edu\/index.php?rest_route=\/wp\/v2\/pages\/2728\/revisions"}],"predecessor-version":[{"id":2951,"href":"https:\/\/celeli.uprrp.edu\/index.php?rest_route=\/wp\/v2\/pages\/2728\/revisions\/2951"}],"wp:attachment":[{"href":"https:\/\/celeli.uprrp.edu\/index.php?rest_route=%2Fwp%2Fv2%2Fmedia&parent=2728"}],"curies":[{"name":"wp","href":"https:\/\/api.w.org\/{rel}","templated":true}]}}