{"id":2313,"date":"2020-03-26T16:31:13","date_gmt":"2020-03-26T20:31:13","guid":{"rendered":"http:\/\/celeli.uprrp.edu\/?page_id=2313"},"modified":"2024-12-10T17:19:33","modified_gmt":"2024-12-10T21:19:33","slug":"lecturas-y-narraciones-para-disfrutar-en-familia","status":"publish","type":"page","link":"https:\/\/celeli.uprrp.edu\/?page_id=2313","title":{"rendered":"Recursos"},"content":{"rendered":"\n<h2 class=\"wp-block-heading\">Libros<\/h2>\n\n\n<div class=\"wp-block-image\">\n<figure class=\"alignleft size-full is-resized\"><a href=\"https:\/\/celeli.uprrp.edu\/wp-content\/uploads\/2024\/12\/image.png\"><img loading=\"lazy\" decoding=\"async\" width=\"185\" height=\"272\" src=\"https:\/\/celeli.uprrp.edu\/wp-content\/uploads\/2024\/12\/image.png\" alt=\"\" class=\"wp-image-2898\" style=\"width:116px;height:auto\"\/><\/a><\/figure>\n<\/div>\n\n\n<p>Como un regalo a educadores, compartimos un enlace al libro <strong>Al son\u00a0 de los tiempos: procesos y pr\u00e1cticas de la lectoescritura<\/strong> (en formato pdf).\u00a0 Les invitamos a bajarlo para su lectura y uso como referente: <\/p>\n\n\n\n<p><\/p>\n\n\n\n<details class=\"wp-block-details is-layout-flow wp-block-details-is-layout-flow\"><summary>Al son de los tiempos<\/summary>\n<div data-wp-interactive=\"core\/file\" class=\"wp-block-file aligncenter\"><object data-wp-bind--hidden=\"!state.hasPdfPreview\" hidden class=\"wp-block-file__embed\" data=\"https:\/\/celeli.uprrp.edu\/wp-content\/uploads\/2024\/12\/Al-son-de-los-tiempos.pdf\" type=\"application\/pdf\" style=\"width:100%;height:600px\" aria-label=\"Embed of Al-son-de-los-tiempos.\"><\/object><a id=\"wp-block-file--media-ec1fc90f-d45d-4dfb-859d-074ba15c08aa\" href=\"https:\/\/celeli.uprrp.edu\/wp-content\/uploads\/2024\/12\/Al-son-de-los-tiempos.pdf\">Al-son-de-los-tiempos<\/a><a href=\"https:\/\/celeli.uprrp.edu\/wp-content\/uploads\/2024\/12\/Al-son-de-los-tiempos.pdf\" class=\"wp-block-file__button wp-element-button\" download aria-describedby=\"wp-block-file--media-ec1fc90f-d45d-4dfb-859d-074ba15c08aa\">Download<\/a><\/div>\n<\/details>\n\n\n\n<div style=\"height:100px\" aria-hidden=\"true\" class=\"wp-block-spacer\"><\/div>\n\n\n\n<h2 class=\"wp-block-heading\">Ideas para la planificaci\u00f3n y desarrollo: <strong><em>Marat\u00f3n de Lectura<\/em><\/strong><\/h2>\n\n\n\n<p>\u00bfNo sabes qu\u00e9 hacer para el <strong><em>Marat\u00f3n<\/em><\/strong>? \u00a1No te preocupes! Te compartimos un manual con posibles ideas que puedes utilizar en la planificaci\u00f3n de tu actividad.<\/p>\n\n\n\n<details class=\"wp-block-details is-layout-flow wp-block-details-is-layout-flow\"><summary>Ideas para su planificaci\u00f3n y desarrollo 2017<\/summary>\n<div data-wp-interactive=\"core\/file\" class=\"wp-block-file\"><object data-wp-bind--hidden=\"!state.hasPdfPreview\" hidden class=\"wp-block-file__embed\" data=\"https:\/\/celeli.uprrp.edu\/wp-content\/uploads\/2024\/12\/IDEAS-MARATON-2017.pdf\" type=\"application\/pdf\" style=\"width:100%;height:600px\" aria-label=\"Embed of IDEAS-MARATON-2017.\"><\/object><a id=\"wp-block-file--media-6e4aa7ba-ad4c-400c-a854-39ef66368cae\" href=\"https:\/\/celeli.uprrp.edu\/wp-content\/uploads\/2024\/12\/IDEAS-MARATON-2017.pdf\">IDEAS-MARATON-2017<\/a><a href=\"https:\/\/celeli.uprrp.edu\/wp-content\/uploads\/2024\/12\/IDEAS-MARATON-2017.pdf\" class=\"wp-block-file__button wp-element-button\" download aria-describedby=\"wp-block-file--media-6e4aa7ba-ad4c-400c-a854-39ef66368cae\">Download<\/a><\/div>\n<\/details>\n\n\n\n<div style=\"height:100px\" aria-hidden=\"true\" class=\"wp-block-spacer\"><\/div>\n\n\n\n<h2 class=\"wp-block-heading\">Narraciones en l\u00ednea<\/h2>\n\n\n\n<h2 class=\"wp-block-heading\"><figure><a href=\"https:\/\/celeli.uprrp.edu\/?attachment_id=2717\" rel=\"attachment wp-att-2717\"><img loading=\"lazy\" decoding=\"async\" class=\"aligncenter wp-image-2717 \" src=\"https:\/\/celeli.uprrp.edu\/wp-content\/uploads\/2024\/12\/Introduccion-Literatura-Infantil-e1733431882850.png\" alt=\"\" width=\"544\" height=\"238\" srcset=\"https:\/\/celeli.uprrp.edu\/wp-content\/uploads\/2024\/12\/Introduccion-Literatura-Infantil-e1733431882850.png 1190w, https:\/\/celeli.uprrp.edu\/wp-content\/uploads\/2024\/12\/Introduccion-Literatura-Infantil-e1733431882850-300x131.png 300w, https:\/\/celeli.uprrp.edu\/wp-content\/uploads\/2024\/12\/Introduccion-Literatura-Infantil-e1733431882850-1024x448.png 1024w, https:\/\/celeli.uprrp.edu\/wp-content\/uploads\/2024\/12\/Introduccion-Literatura-Infantil-e1733431882850-768x336.png 768w\" sizes=\"auto, (max-width: 544px) 100vw, 544px\" \/><\/a><\/figure><\/h2>\n\n\n\n<h3 class=\"wp-block-heading\">Que la pandemia del COVID-19 no te limite a disfrutar de buenas lecturas. Te compartimos algunos recursos en l\u00ednea relacionados a la literatura infantil. <\/h3>\n\n\n\n<details class=\"wp-block-details is-layout-flow wp-block-details-is-layout-flow\"><summary>Faceboook e Instragram<\/summary>\n<figure class=\"wp-block-table\"><table class=\"has-fixed-layout\"><tbody><tr><td><strong>ORGANIZACI<\/strong><strong>\u00d3<\/strong><strong>N<\/strong><\/td><td><strong>ACTIVIDAD<\/strong><\/td><td><strong>D<\/strong><strong>\u00cd<\/strong><strong>A Y HORA<\/strong><\/td><td><strong>PLATAFORMA DIGITAL<\/strong><\/td><\/tr><tr><td><em>Tere Marichal<\/em><\/td><td>Lectura de cuentos y canciones<\/td><td>Disponibles en todo momento<\/td><td>&nbsp;&nbsp;&nbsp;&nbsp;&nbsp;&nbsp;&nbsp;&nbsp; Canci\u00f3n de los Tres tristes tigres<p><\/p>\n<p><strong>Facebook: <\/strong><a href=\"https:\/\/www.facebook.com\/tmarichal\/videos\/10159017416195752\/\">https:\/\/www.facebook.com\/tmarichal\/videos\/10159017416195752\/<\/a><\/p>\n<p>Cuento: La gallinita Roja<\/p>\n<p><strong>Facebook:<\/strong><a href=\"https:\/\/www.facebook.com\/tmarichal\/videos\/10159013851145752\/\">https:\/\/www.facebook.com\/tmarichal\/videos\/10159013851145752\/<\/a><\/p><\/td><\/tr><tr><td><em>Lourdes&nbsp; Ta\u00f1\u00f3n D\u00edaz <\/em><\/td><td>Lectura en voz alta del cuento: Todos hacemos caca por Taro Gomi<\/td><td>Disponible en todo momento<\/td><td><strong>Facebook:<\/strong><a href=\"https:\/\/www.facebook.com\/lourdes.diaz.9404\/videos\/10156864892116889\/\">https:\/\/www.facebook.com\/lourdes.diaz.9404\/videos\/10156864892116889\/<\/a><\/td><\/tr><tr><td><a href=\"https:\/\/www.facebook.com\/watch\/luis.pescetti\/\"><em>Luis Pescetti<\/em><\/a><p><\/p>\n<p><strong>&nbsp;<\/strong><\/p><\/td><td>Lectura en voz alta del cuento: El punto por Peter Reynolds<\/td><td>Disponible en todo momento<\/td><td><strong>Facebook: <\/strong><a href=\"https:\/\/www.facebook.com\/watch\/?v=655934201903432\">https:\/\/www.facebook.com\/watch\/?v=655934201903432<\/a><\/td><\/tr><\/tbody><\/table><\/figure>\n<\/details>\n\n\n\n<h3 class=\"wp-block-heading\"><\/h3>\n\n\n\n<details class=\"wp-block-details is-layout-flow wp-block-details-is-layout-flow\"><summary>Canal de Youtube<\/summary>\n<figure class=\"wp-block-table\"><table class=\"has-fixed-layout\"><tbody><tr><td><strong>ORGANIZACI<\/strong><strong>\u00d3<\/strong><strong>N<\/strong><\/td><td><strong>ACTIVIDAD<\/strong><\/td><td><strong>D<\/strong><strong>\u00cd<\/strong><strong>A Y HORA<\/strong><\/td><td><strong>PLATAFORMA DIGITAL<\/strong><\/td><\/tr><tr><td><em>CELELI<\/em><p><\/p>\n<p><em>Universidad e Puerto Rico <\/em><\/p><\/td><td>Lecturas en voz alta realizadas por estudiantes de la Maestr\u00eda en Lectura, Escritura y Literatura Infantil<\/td><td>Disponibles en todo momento:<p><\/p>\n<p>Canal de Youtube<\/p><\/td><td><strong>Youtube:<\/strong> <a href=\"https:\/\/www.youtube.com\/channel\/UClI34oJuLw1FLV98oRfs4WQ\">https:\/\/www.youtube.com\/channel\/UClI34oJuLw1FLV98oRfs4WQ<\/a><p><\/p>\n<p><strong>(Se publica en la p\u00e1gina de Facebook del CELELI)<\/strong><\/p><\/td><\/tr><tr><td><em>Fundaci\u00f3n Flamboy\u00e1n<\/em><\/td><td>Lecturas en voz alta<\/td><td>Disponibles en todo momento<\/td><td><strong>Youtube: <\/strong><a href=\"https:\/\/www.youtube.com\/channel\/UCvEdSQawiMKMU-muuc1j0YA\">https:\/\/www.youtube.com\/channel\/UCvEdSQawiMKMU-muuc1j0YA<\/a><\/td><\/tr><tr><td><em>Leamos m\u00e1s Puerto Rico<\/em><\/td><td>Lecturas en voz alta<\/td><td>Disponibles en todo momento<\/td><td><strong>Youtube:<\/strong> <a href=\"https:\/\/www.youtube.com\/channel\/UCUaJdRdkeC5Cqc8XiylvChA\">https:\/\/www.youtube.com\/channel\/UCUaJdRdkeC5Cqc8XiylvChA<\/a><p><\/p>\n<p><strong>Instagram<\/strong>: <a href=\"https:\/\/instagram.com\/leamosmaspr?igshid=ye1m2bakti92\">https:\/\/instagram.com\/leamosmaspr?igshid=ye1m2bakti92<\/a><\/p>\n<p><strong>Facebook:<\/strong> <a href=\"https:\/\/www.facebook.com\/leamosmaspr\/\">https:\/\/www.facebook.com\/leamosmaspr\/<\/a><\/p><\/td><\/tr><tr><td><em>Cu\u00e9ntame un cuento<\/em><\/td><td>Diversidad de lecturas en voz alta de literatura infantil:<p><\/p>\n<p>El Monstruo de colores: Ana Llenas<\/p>\n<p>El monstruo va al cole: Ana Llenas<\/p>\n<p>Siempre te querr\u00e9: Debi Gilieri<\/p><\/td><td>Disponibles en todo momento<\/td><td><strong>Youtube:<\/strong> <a href=\"https:\/\/www.youtube.com\/channel\/UCbDJr7JuJ01uL4NnW5xwFcQ\">https:\/\/www.youtube.com\/channel\/UCbDJr7JuJ01uL4NnW5xwFcQ<\/a><\/td><\/tr><tr><td><em>Cuentacuentos<\/em><\/td><td>Lectura en voz alta de literatura infantil<\/td><td>Disponibles en todo momento<\/td><td><strong>Youtube:<\/strong> <a href=\"https:\/\/www.youtube.com\/user\/BeatrizMontero\">https:\/\/www.youtube.com\/user\/BeatrizMontero<\/a><\/td><\/tr><tr><td><em>\u00a1\u00c2lbum! &#8211; Asoc. Editoriales Independientes LIJ<\/em><\/td><td>Lectura en voz alta<\/td><td>Disponible en todo momento<\/td><td><strong>Youtube:<\/strong> <a href=\"https:\/\/www.youtube.com\/channel\/UCG7XiDT2DsHenpQcvUv3Y5A\">https:\/\/www.youtube.com\/channel\/UCG7XiDT2DsHenpQcvUv3Y5A<\/a><\/td><\/tr><tr><td><em>Fundaci\u00f3n leer<\/em><\/td><td>Lectura en voz alta: Cosas que pasan por Isol Misenta<\/td><td>Disponible en todo momento<\/td><td><strong>Youtube:<\/strong> <a href=\"https:\/\/www.youtube.com\/watch?v=f1pEn1Sw2JY&amp;app=desktop\">https:\/\/www.youtube.com\/watch?v=f1pEn1Sw2JY&amp;app=desktop<\/a><\/td><\/tr><tr><td><em>Maestra de coraz\u00f3n<\/em><\/td><td>Lectura del cuento: Mam\u00e1, \u00bfde qu\u00e9 color son los besos?<\/td><td>Disponibles en todo momento<\/td><td><strong>Youtube:<\/strong> <a href=\"https:\/\/www.youtube.com\/watch?v=d9V_PYWfoH4&amp;fbclid=IwAR1pSweCgvn7Dp-09bXhmYbJsTSjSfJVcSGYLTVCi2HiqUeJW9ZIWoQc518\">https:\/\/www.youtube.com\/watch?v=d9V_PYWfoH4&amp;fbclid=IwAR1pSweCgvn7Dp-09bXhmYbJsTSjSfJVcSGYLTVCi2HiqUeJW9ZIWoQc518<\/a><\/td><\/tr><\/tbody><\/table><\/figure>\n<\/details>\n\n\n\n<h3 class=\"wp-block-heading\"><\/h3>\n\n\n\n<details class=\"wp-block-details is-layout-flow wp-block-details-is-layout-flow\"><summary>P\u00e1ginas en l\u00ednea<\/summary>\n<figure class=\"wp-block-table\"><table class=\"has-fixed-layout\"><tbody><tr><td><strong>ORGANIZACI<\/strong><strong>\u00d3<\/strong><strong>N<\/strong><\/td><td><strong>ACTIVIDAD<\/strong><\/td><td><strong>D<\/strong><strong>\u00cd<\/strong><strong>A Y HORA<\/strong><\/td><td><strong>PLATAFORMA DIGITAL<\/strong><\/td><\/tr><tr><td><em>Kalandraka TV<\/em><p><\/p>\n<p><em>1.&nbsp;&nbsp;&nbsp;&nbsp;&nbsp; <\/em><em>Antonio Rubio<\/em><\/p>\n<p><em>2.&nbsp;&nbsp;&nbsp;&nbsp;&nbsp; <\/em><em>Antonio Rubio<\/em><\/p>\n<p><em>3.&nbsp;&nbsp;&nbsp;&nbsp;&nbsp; <\/em><em>Bea Campos<\/em><\/p>\n<p><em>Xox\u00e9 Ballesteros<\/em><\/p><\/td><td>Lecturas en voz alta de Cocodrilo<p><\/p>\n<p>Animales<\/p>\n<p>El pollito de la avellenada<\/p>\n<p>El peque\u00f1o conejo blanco<\/p><\/td><td>Disponibles en todo momento<\/td><td><a href=\"http:\/\/www.kalandraka.tv\/es\/index.php\">http:\/\/www.kalandraka.tv\/es\/index.php<\/a><p><\/p>\n<p><strong>Secci\u00f3n: <\/strong>Cuentos contados<\/p><\/td><\/tr><tr><td><em>Kalandraka TV<\/em><\/td><td>Recomendaciones de literatura infantil<p><\/p>\n<p>Videos musicales<\/p>\n<p>Lecturas en voz alta y m\u00e1s<\/p><\/td><td>Disponibles en todo momento<\/td><td><a href=\"http:\/\/www.kalandraka.tv\/es\/index.php\">http:\/\/www.kalandraka.tv\/es\/index.php<\/a><\/td><\/tr><\/tbody><\/table><\/figure>\n<\/details>\n\n\n\n<h3 class=\"wp-block-heading\"><\/h3>\n\n\n\n<details class=\"wp-block-details is-layout-flow wp-block-details-is-layout-flow\"><summary>Podcast<\/summary>\n<figure class=\"wp-block-table\"><table class=\"has-fixed-layout\"><tbody><tr><td><strong>ORGANIZACI<\/strong><strong>\u00d3<\/strong><strong>N<\/strong><p><\/p>\n<p><em>&nbsp;<\/em><\/p><\/td><td><strong>ACTIVIDAD<\/strong><\/td><td><strong>D<\/strong><strong>\u00cd<\/strong><strong>A Y HORA<\/strong><\/td><td><strong>PLATAFORMA DIGITAL<\/strong><\/td><\/tr><tr><td><em>Gaston Morineau: Cuentoaventuras<\/em><\/td><td>&nbsp;Lectura de cuentos<\/td><td>Disponibles en todo momento<\/td><td><strong>Podcast: <\/strong><a href=\"https:\/\/podcasts.apple.com\/us\/podcast\/cuentoaventuras-cuentos-fabulas-chistes-y-mucho-mas\/id420272032?l=es\"><strong>https:\/\/podcasts.apple.com\/us\/podcast\/cuentoaventuras-cuentos-fabulas-chistes-y-mucho-mas\/id420272032?l=es<\/strong><\/a><p><\/p>\n<p><strong>&nbsp;<\/strong><\/p><\/td><\/tr><tr><td><em>Cuentos a la luz de la luna<\/em><\/td><td>&nbsp;Lectura de cuentos<\/td><td>Disponibles en todo momento<\/td><td><strong>Podcast: <\/strong><a href=\"https:\/\/podcasts.apple.com\/us\/podcast\/cuentos-a-la-luz-de-la-luna\/id314421519?l=es\"><strong>https:\/\/podcasts.apple.com\/us\/podcast\/cuentos-a-la-luz-de-la-luna\/id314421519?l=es<\/strong><\/a><p><\/p>\n<p><strong>&nbsp;<\/strong><\/p><\/td><\/tr><tr><td><em>Andr\u00e9s Escobar Garc\u00eda: Cuentos infantiles <\/em><\/td><td>Lectura de cuentos, f\u00e1bulas y otros<\/td><td>Disponibles en todo momento<\/td><td><strong>Podcast: <\/strong><a href=\"https:\/\/podcasts.apple.com\/us\/podcast\/cuentos-infantiles\/id1297822140?l=es\"><strong>https:\/\/podcasts.apple.com\/us\/podcast\/cuentos-infantiles\/id1297822140?l=es<\/strong><\/a><p><\/p>\n<p><strong>&nbsp;<\/strong><\/p><\/td><\/tr><tr><td><em>Cuentos encantados<\/em><\/td><td>Lectura de cuentos en voz alta<\/td><td>Disponibles en todo momento<\/td><td><strong>Podcast: <\/strong><a href=\"https:\/\/podcasts.apple.com\/us\/podcast\/cuentos-encantados\/id1479024679?l=es\">https:\/\/podcasts.apple.com\/us\/podcast\/cuentos-encantados\/id1479024679?l=es<\/a><\/td><\/tr><\/tbody><\/table><\/figure>\n<\/details>\n","protected":false},"excerpt":{"rendered":"<p>Libros Como un regalo a educadores, compartimos un enlace al libro Al son\u00a0 de los tiempos: procesos y pr\u00e1cticas de la lectoescritura (en formato pdf).\u00a0 Les invitamos a bajarlo para su lectura y uso como referente: Ideas para la planificaci\u00f3n &hellip; <a href=\"https:\/\/celeli.uprrp.edu\/?page_id=2313\">Continue reading <span class=\"meta-nav\">&rarr;<\/span><\/a><\/p>\n","protected":false},"author":2,"featured_media":0,"parent":0,"menu_order":0,"comment_status":"closed","ping_status":"closed","template":"","meta":{"footnotes":""},"class_list":["post-2313","page","type-page","status-publish","hentry"],"_links":{"self":[{"href":"https:\/\/celeli.uprrp.edu\/index.php?rest_route=\/wp\/v2\/pages\/2313","targetHints":{"allow":["GET"]}}],"collection":[{"href":"https:\/\/celeli.uprrp.edu\/index.php?rest_route=\/wp\/v2\/pages"}],"about":[{"href":"https:\/\/celeli.uprrp.edu\/index.php?rest_route=\/wp\/v2\/types\/page"}],"author":[{"embeddable":true,"href":"https:\/\/celeli.uprrp.edu\/index.php?rest_route=\/wp\/v2\/users\/2"}],"replies":[{"embeddable":true,"href":"https:\/\/celeli.uprrp.edu\/index.php?rest_route=%2Fwp%2Fv2%2Fcomments&post=2313"}],"version-history":[{"count":19,"href":"https:\/\/celeli.uprrp.edu\/index.php?rest_route=\/wp\/v2\/pages\/2313\/revisions"}],"predecessor-version":[{"id":2913,"href":"https:\/\/celeli.uprrp.edu\/index.php?rest_route=\/wp\/v2\/pages\/2313\/revisions\/2913"}],"wp:attachment":[{"href":"https:\/\/celeli.uprrp.edu\/index.php?rest_route=%2Fwp%2Fv2%2Fmedia&parent=2313"}],"curies":[{"name":"wp","href":"https:\/\/api.w.org\/{rel}","templated":true}]}}