{"id":191,"date":"2012-05-19T20:42:44","date_gmt":"2012-05-20T00:42:44","guid":{"rendered":"http:\/\/celeli.uprrp.edu\/?page_id=191"},"modified":"2025-05-20T10:14:07","modified_gmt":"2025-05-20T14:14:07","slug":"investigacion","status":"publish","type":"page","link":"https:\/\/celeli.uprrp.edu\/?page_id=191","title":{"rendered":"Investigaciones"},"content":{"rendered":"\n<p>En el CELELI estamos comprometidos con la investigaci\u00f3n, la divulgaci\u00f3n y el acceso a la literatura infantil y juvenil. Es por esto que entre nuestros enfoques principales se encuentra la investigaci\u00f3n de la literatura para la ni\u00f1ez y su impacto desde distintas esferas y perspectivas acad\u00e9micas. A continuaci\u00f3n, les compartimos investgaciones importantes en el campo de la lectura:<\/p>\n\n\n<div class=\"wp-block-image\">\n<figure class=\"alignleft size-full is-resized\"><a href=\"https:\/\/celeli.uprrp.edu\/wp-content\/uploads\/2025\/05\/Screenshot-2025-05-16-165603-1.png\"><img loading=\"lazy\" decoding=\"async\" width=\"449\" height=\"647\" src=\"https:\/\/celeli.uprrp.edu\/wp-content\/uploads\/2025\/05\/Screenshot-2025-05-16-165603-1.png\" alt=\"\" class=\"wp-image-3001\" style=\"width:205px;height:auto\" srcset=\"https:\/\/celeli.uprrp.edu\/wp-content\/uploads\/2025\/05\/Screenshot-2025-05-16-165603-1.png 449w, https:\/\/celeli.uprrp.edu\/wp-content\/uploads\/2025\/05\/Screenshot-2025-05-16-165603-1-208x300.png 208w\" sizes=\"auto, (max-width: 449px) 100vw, 449px\" \/><\/a><\/figure>\n<\/div>\n\n\n<p><a href=\"https:\/\/www.calameo.com\/books\/0079394470e56189cd303\" data-type=\"link\" data-id=\"https:\/\/www.calameo.com\/books\/0079394470e56189cd303\"><strong>La promoci\u00f3n de la lectura durante la&nbsp;preescolaridad: <\/strong><em><strong>Impacto de los Rincones de Lectura del Programa Lee y Sue\u00f1a en ni\u00f1os y familias de Carolina, Culebra, Fajardo, Lo\u00edza y Juncos<\/strong><\/em>&nbsp;(2008, 2009). <\/a><\/p>\n\n\n\n<div style=\"height:40px\" aria-hidden=\"true\" class=\"wp-block-spacer\"><\/div>\n\n\n<div class=\"wp-block-image\">\n<figure class=\"alignright size-full is-resized\"><a href=\"https:\/\/celeli.uprrp.edu\/wp-content\/uploads\/2025\/05\/Screenshot-2025-05-20-101207-1.png\"><img loading=\"lazy\" decoding=\"async\" width=\"537\" height=\"780\" src=\"https:\/\/celeli.uprrp.edu\/wp-content\/uploads\/2025\/05\/Screenshot-2025-05-20-101207-1.png\" alt=\"\" class=\"wp-image-3012\" style=\"width:279px;height:auto\" srcset=\"https:\/\/celeli.uprrp.edu\/wp-content\/uploads\/2025\/05\/Screenshot-2025-05-20-101207-1.png 537w, https:\/\/celeli.uprrp.edu\/wp-content\/uploads\/2025\/05\/Screenshot-2025-05-20-101207-1-207x300.png 207w\" sizes=\"auto, (max-width: 537px) 100vw, 537px\" \/><\/a><\/figure>\n<\/div>\n\n\n<p><a href=\"https:\/\/digitalcommons.fiu.edu\/leerjournal\/3\/\"><em><strong>Proyecto Alianzas de Lectura Puerto Rico-Guatemala: Investigaci\u00f3n Acci\u00f3n y Sistematizaci\u00f3n Pedag\u00f3gica <\/strong><\/em>(<span style=\"line-height: 24px;\">K-6,\u00a0<\/span>Escuela Rural Mixta en Chimaltenango, Guatemala, 2012-2014).<\/a><\/p>\n\n\n\n<div style=\"height:36px\" aria-hidden=\"true\" class=\"wp-block-spacer\"><\/div>\n\n\n<div class=\"wp-block-image\">\n<figure class=\"alignleft size-full is-resized\"><a href=\"https:\/\/celeli.uprrp.edu\/wp-content\/uploads\/2025\/05\/Screenshot-2025-05-16-171106.png\"><img loading=\"lazy\" decoding=\"async\" width=\"597\" height=\"773\" src=\"https:\/\/celeli.uprrp.edu\/wp-content\/uploads\/2025\/05\/Screenshot-2025-05-16-171106.png\" alt=\"\" class=\"wp-image-3004\" style=\"width:324px;height:auto\" srcset=\"https:\/\/celeli.uprrp.edu\/wp-content\/uploads\/2025\/05\/Screenshot-2025-05-16-171106.png 597w, https:\/\/celeli.uprrp.edu\/wp-content\/uploads\/2025\/05\/Screenshot-2025-05-16-171106-232x300.png 232w\" sizes=\"auto, (max-width: 597px) 100vw, 597px\" \/><\/a><\/figure>\n<\/div>\n\n\n<p><a href=\"https:\/\/digitalcommons.fiu.edu\/cgi\/viewcontent.cgi?article=1014&amp;context=leerjournal\" data-type=\"link\" data-id=\"https:\/\/digitalcommons.fiu.edu\/cgi\/viewcontent.cgi?article=1014&amp;context=leerjournal\"><strong>La representaci\u00f3n de personas afrodescendientes en la Literatura Infantil Puertorrique\u00f1a<\/strong>.<\/a><\/p>\n","protected":false},"excerpt":{"rendered":"<p>En el CELELI estamos comprometidos con la investigaci\u00f3n, la divulgaci\u00f3n y el acceso a la literatura infantil y juvenil. Es por esto que entre nuestros enfoques principales se encuentra la investigaci\u00f3n de la literatura para la ni\u00f1ez y su impacto &hellip; <a href=\"https:\/\/celeli.uprrp.edu\/?page_id=191\">Continue reading <span class=\"meta-nav\">&rarr;<\/span><\/a><\/p>\n","protected":false},"author":2,"featured_media":0,"parent":0,"menu_order":0,"comment_status":"closed","ping_status":"closed","template":"","meta":{"footnotes":""},"class_list":["post-191","page","type-page","status-publish","hentry"],"_links":{"self":[{"href":"https:\/\/celeli.uprrp.edu\/index.php?rest_route=\/wp\/v2\/pages\/191","targetHints":{"allow":["GET"]}}],"collection":[{"href":"https:\/\/celeli.uprrp.edu\/index.php?rest_route=\/wp\/v2\/pages"}],"about":[{"href":"https:\/\/celeli.uprrp.edu\/index.php?rest_route=\/wp\/v2\/types\/page"}],"author":[{"embeddable":true,"href":"https:\/\/celeli.uprrp.edu\/index.php?rest_route=\/wp\/v2\/users\/2"}],"replies":[{"embeddable":true,"href":"https:\/\/celeli.uprrp.edu\/index.php?rest_route=%2Fwp%2Fv2%2Fcomments&post=191"}],"version-history":[{"count":20,"href":"https:\/\/celeli.uprrp.edu\/index.php?rest_route=\/wp\/v2\/pages\/191\/revisions"}],"predecessor-version":[{"id":3013,"href":"https:\/\/celeli.uprrp.edu\/index.php?rest_route=\/wp\/v2\/pages\/191\/revisions\/3013"}],"wp:attachment":[{"href":"https:\/\/celeli.uprrp.edu\/index.php?rest_route=%2Fwp%2Fv2%2Fmedia&parent=191"}],"curies":[{"name":"wp","href":"https:\/\/api.w.org\/{rel}","templated":true}]}}