{"id":1899,"date":"2015-08-27T13:07:38","date_gmt":"2015-08-27T17:07:38","guid":{"rendered":"http:\/\/celeli.uprrp.edu\/?page_id=1899"},"modified":"2025-05-20T15:28:07","modified_gmt":"2025-05-20T19:28:07","slug":"historia-del-2do-maraton-lationamericano-de-lectura","status":"publish","type":"page","link":"https:\/\/celeli.uprrp.edu\/?page_id=1899","title":{"rendered":"Historia del Marat\u00f3n Lationamericano de Lectura"},"content":{"rendered":"\n<p>En 2012, en ocasi\u00f3n del Marat\u00f3n Puertorrique\u00f1o de Lectura, lectores de Rep\u00fablica Dominicana, Guatemala, Per\u00fa y Estados Unidos se hab\u00edan unido a este evento. Igualmente ocurri\u00f3 en el 2013, a los que se les uni\u00f3 Costa Rica. Tras el \u00e9xito del Marat\u00f3n en la promoci\u00f3n de la lectura en Puerto Rico y su repercusi\u00f3n en pa\u00edses hermanos, el Comit\u00e9 Latinoamericano para el Desarrollo de la Lectura, de la Asociaci\u00f3n Internacional de Lectura (ahora Asociaci\u00f3n Internacional de Literacidad), aprob\u00f3 celebrar en el 2014 el\u00a0<em><strong>1er. Marat\u00f3n Latinoamericano de Lectura<\/strong><\/em>. A esos efectos, se seleccion\u00f3 la fecha del 8 de septiembre, ya que se trata del D\u00eda Internacional de la Alfabetizaci\u00f3n.<\/p>\n\n\n\n<details class=\"wp-block-details is-layout-flow wp-block-details-is-layout-flow\"><summary>2014 al 2020<\/summary>\n<h1 class=\"wp-block-heading has-text-align-center\"><figure><a href=\"https:\/\/celeli.uprrp.edu\/?attachment_id=2676\" rel=\"attachment wp-att-2676\"><img loading=\"lazy\" decoding=\"async\" width=\"155\" height=\"239\" class=\"wp-image-2676 alignleft\" src=\"https:\/\/celeli.uprrp.edu\/wp-content\/uploads\/2024\/12\/9-MLP-11-X-17-FF-662x1024-1.jpg\" alt=\"\" srcset=\"https:\/\/celeli.uprrp.edu\/wp-content\/uploads\/2024\/12\/9-MLP-11-X-17-FF-662x1024-1.jpg 662w, https:\/\/celeli.uprrp.edu\/wp-content\/uploads\/2024\/12\/9-MLP-11-X-17-FF-662x1024-1-194x300.jpg 194w\" sizes=\"auto, (max-width: 155px) 100vw, 155px\" \/><\/a><\/figure><strong>2014<\/strong><\/h1>\n\n\n\n<p>El 8 de septiembre de 2014,&nbsp;se celebr\u00f3&nbsp;el&nbsp;<em><strong>1er. Marat\u00f3n Latinoamericano de Lectura<\/strong><\/em>.&nbsp;Lectores de Guatemala, Rep\u00fablica Dominicana, Costa Rica, Nicaragua, Paraguay, Puerto Rico &nbsp;y Uruguay participaron de este evento de promoci\u00f3n de lectura que logr\u00f3 reunir a m\u00e1s de 230 mil lectores de todas las edades.<\/p>\n\n\n\n<div style=\"height:30px\" aria-hidden=\"true\" class=\"wp-block-spacer\"><\/div>\n\n\n\n<h1 class=\"wp-block-heading has-text-align-center\"><figure><a href=\"https:\/\/celeli.uprrp.edu\/?attachment_id=2677\" rel=\"attachment wp-att-2677\"><img loading=\"lazy\" decoding=\"async\" width=\"241\" height=\"366\" class=\"wp-image-2677 alignright\" src=\"https:\/\/celeli.uprrp.edu\/wp-content\/uploads\/2024\/12\/Afiche-10mo-Maraton1.jpg\" alt=\"\" srcset=\"https:\/\/celeli.uprrp.edu\/wp-content\/uploads\/2024\/12\/Afiche-10mo-Maraton1.jpg 632w, https:\/\/celeli.uprrp.edu\/wp-content\/uploads\/2024\/12\/Afiche-10mo-Maraton1-198x300.jpg 198w\" sizes=\"auto, (max-width: 241px) 100vw, 241px\" \/><\/a><\/figure><strong>2015<\/strong><\/h1>\n\n\n\n<p class=\"has-text-align-right\">El 8 de septiembre de 2015, se celebr\u00f3 el<strong><em> 2do. Marat\u00f3n Latinoamericano de Lectura<\/em>. <\/strong>Participaron m\u00e1s de 300 mil lectores de todas las edades, de un nutrido grupo de pa\u00edses latinoamericanos (Argentina, Costa Rica, Guatemala, M\u00e9xico, Nicaragua, Panam\u00e1, Paraguay, Per\u00fa, Puerto Rico, Rep\u00fablica Dominicana, Uruguay y Venezuela).<\/p>\n\n\n\n<div style=\"height:30px\" aria-hidden=\"true\" class=\"wp-block-spacer\"><\/div>\n\n\n\n<h1 class=\"wp-block-heading has-text-align-center\"><figure><a href=\"https:\/\/celeli.uprrp.edu\/?attachment_id=2678\" rel=\"attachment wp-att-2678\"><img loading=\"lazy\" decoding=\"async\" width=\"220\" height=\"292\" class=\"wp-image-2678 alignleft\" src=\"https:\/\/celeli.uprrp.edu\/wp-content\/uploads\/2024\/12\/15-MARATON1-771x1024-1.jpg\" alt=\"\" srcset=\"https:\/\/celeli.uprrp.edu\/wp-content\/uploads\/2024\/12\/15-MARATON1-771x1024-1.jpg 771w, https:\/\/celeli.uprrp.edu\/wp-content\/uploads\/2024\/12\/15-MARATON1-771x1024-1-226x300.jpg 226w, https:\/\/celeli.uprrp.edu\/wp-content\/uploads\/2024\/12\/15-MARATON1-771x1024-1-768x1020.jpg 768w\" sizes=\"auto, (max-width: 220px) 100vw, 220px\" \/><\/a><\/figure><strong>2016<\/strong><\/h1>\n\n\n\n<p>El 8 de septiembre de 2016 celebramos &nbsp;el <em><strong>3er.<\/strong>&nbsp;<strong>Marat\u00f3n Latinoamericano de Lectura<\/strong><\/em>. Bajo el lema <strong>La lectura es fascinante\u2026 \u00a1Abr\u00e1zala!<\/strong>, lectores de toda la Am\u00e9rica Latina&nbsp;se unieron a este evento.&nbsp;El Marat\u00f3n cont\u00f3 con una participaci\u00f3n extraordinaria de lectores de&nbsp;Bolivia, Costa Rica, Ecuador, Estados Unidos, Guatemala, M\u00e9xico, Per\u00fa, Rep\u00fablica Dominicana y Uruguay. &nbsp;Se destac\u00f3 la participaci\u00f3n de Puerto Rico, Rep\u00fablica Dominicana y Per\u00fa.&nbsp;\u00a1Ese a\u00f1o superamos el mill\u00f3n de lectores de toda Am\u00e9rica Latina!<\/p>\n\n\n\n<div style=\"height:30px\" aria-hidden=\"true\" class=\"wp-block-spacer\"><\/div>\n\n\n\n<h1 class=\"wp-block-heading has-text-align-center\"><figure><a href=\"https:\/\/celeli.uprrp.edu\/?attachment_id=2679\" rel=\"attachment wp-att-2679\"><img loading=\"lazy\" decoding=\"async\" width=\"193\" height=\"298\" class=\"wp-image-2679 alignright\" src=\"https:\/\/celeli.uprrp.edu\/wp-content\/uploads\/2024\/12\/Cartel_12_Maraton_Lectura-663x1024-1.jpg\" alt=\"\" srcset=\"https:\/\/celeli.uprrp.edu\/wp-content\/uploads\/2024\/12\/Cartel_12_Maraton_Lectura-663x1024-1.jpg 663w, https:\/\/celeli.uprrp.edu\/wp-content\/uploads\/2024\/12\/Cartel_12_Maraton_Lectura-663x1024-1-194x300.jpg 194w\" sizes=\"auto, (max-width: 193px) 100vw, 193px\" \/><\/a><\/figure><strong>2017<\/strong><\/h1>\n\n\n\n<p class=\"has-text-align-right\">El viernes, 8 de septiembre de 2017 se celebr\u00f3 &nbsp;el<strong>&nbsp;<em>4to. Marat\u00f3n Latinoamericano de Lectura<\/em>.<\/strong>&nbsp;Con el lema&nbsp;<strong>La lectura es una ventana abierta,<\/strong>&nbsp;el cartel cont\u00f3 con una ilustraci\u00f3n del artista Antonio Martorell, tomada del libro&nbsp;<em>\u00bfY por qu\u00e9?<\/em>, de la escritora Georgina L\u00e1zaro.<\/p>\n\n\n\n<div style=\"height:30px\" aria-hidden=\"true\" class=\"wp-block-spacer\"><\/div>\n\n\n\n<h1 class=\"wp-block-heading has-text-align-center\"><figure><a href=\"https:\/\/celeli.uprrp.edu\/?attachment_id=2680\" rel=\"attachment wp-att-2680\"><img loading=\"lazy\" decoding=\"async\" width=\"194\" height=\"300\" class=\"wp-image-2680 alignleft\" src=\"https:\/\/celeli.uprrp.edu\/wp-content\/uploads\/2024\/12\/Maraton-PR-Lectura-2018-663x1024-1.jpg\" alt=\"\" srcset=\"https:\/\/celeli.uprrp.edu\/wp-content\/uploads\/2024\/12\/Maraton-PR-Lectura-2018-663x1024-1.jpg 663w, https:\/\/celeli.uprrp.edu\/wp-content\/uploads\/2024\/12\/Maraton-PR-Lectura-2018-663x1024-1-194x300.jpg 194w\" sizes=\"auto, (max-width: 194px) 100vw, 194px\" \/><\/a><\/figure><strong>2018<\/strong><\/h1>\n\n\n\n<p>Por su parte, el <em><strong>5to. Marat\u00f3n Latinoamericano de Lectura <\/strong><\/em>se celebrar\u00e1 el viernes, 7 de&nbsp;septiembre de 2018. La artista costarricense, Ruth Angulo, ha donado el arte del cartel. Y Ediciones SM, como siempre, nos ha colaborado con el arte gr\u00e1fico.<\/p>\n\n\n\n<div style=\"height:30px\" aria-hidden=\"true\" class=\"wp-block-spacer\"><\/div>\n\n\n\n<h1 class=\"wp-block-heading has-text-align-center\"><figure><a href=\"https:\/\/celeli.uprrp.edu\/?attachment_id=2681\" rel=\"attachment wp-att-2681\"><img loading=\"lazy\" decoding=\"async\" width=\"333\" height=\"223\" class=\"wp-image-2681 alignright\" src=\"https:\/\/celeli.uprrp.edu\/wp-content\/uploads\/2024\/12\/Cartel-Maraton-PR-768x515-1.jpg\" alt=\"\" srcset=\"https:\/\/celeli.uprrp.edu\/wp-content\/uploads\/2024\/12\/Cartel-Maraton-PR-768x515-1.jpg 768w, https:\/\/celeli.uprrp.edu\/wp-content\/uploads\/2024\/12\/Cartel-Maraton-PR-768x515-1-300x201.jpg 300w\" sizes=\"auto, (max-width: 333px) 100vw, 333px\" \/><\/a><\/figure><strong>2019<\/strong><\/h1>\n\n\n\n<p class=\"has-text-align-right\">El <strong>6<\/strong><em><strong>to. Marat\u00f3n Latinoamericano de Lectura <\/strong><\/em>se celebr\u00f3 el viernes, 6 de septiembre de 2019. Ese a\u00f1o se le dedic\u00f3 el marat\u00f3n al ilustrador puertorrique\u00f1o Walter Torres. Ediciones SM, como siempre, nos ha colaborado con el arte gr\u00e1fico.<\/p>\n\n\n\n<div style=\"height:30px\" aria-hidden=\"true\" class=\"wp-block-spacer\"><\/div>\n\n\n\n<h1 class=\"wp-block-heading\"><figure><a href=\"https:\/\/celeli.uprrp.edu\/?attachment_id=2686\" rel=\"attachment wp-att-2686\"><img loading=\"lazy\" decoding=\"async\" class=\"wp-image-2686 alignleft\" src=\"https:\/\/celeli.uprrp.edu\/wp-content\/uploads\/2024\/12\/117388754_3078083045622499_7137462050823924623_n.png\" alt=\"\" width=\"209\" height=\"283\" srcset=\"https:\/\/celeli.uprrp.edu\/wp-content\/uploads\/2024\/12\/117388754_3078083045622499_7137462050823924623_n.png 630w, https:\/\/celeli.uprrp.edu\/wp-content\/uploads\/2024\/12\/117388754_3078083045622499_7137462050823924623_n-222x300.png 222w\" sizes=\"auto, (max-width: 209px) 100vw, 209px\" \/><\/a><\/figure>2020<\/h1>\n\n\n\n<p><span style=\"font-weight: 400;\">El <\/span><b><i>7mo<\/i><\/b><b><i> Marat\u00f3n Latinoamericano de Lectura <\/i><\/b><span style=\"font-weight: 400;\">se celebr\u00f3 el martes, 8 de septiembre de 2020. En esta ocasi\u00f3n, se llev\u00f3 a cabo por primera vez, de manera virtual a causa de la pandemia que ha estado afectando al mundo entero. Fue un d\u00eda completo de lecturas a trav\u00e9s de nuestra p\u00e1gina Facebook: Marat\u00f3n Latinoamericano de Lectura.<\/span><\/p>\n<\/details>\n\n\n\n<details class=\"wp-block-details is-layout-flow wp-block-details-is-layout-flow\"><summary>2021 al presente<\/summary>\n<h1 class=\"wp-block-heading has-text-align-center\"><figure><a href=\"https:\/\/celeli.uprrp.edu\/?attachment_id=2682\" rel=\"attachment wp-att-2682\"><img loading=\"lazy\" decoding=\"async\" width=\"198\" height=\"256\" class=\" wp-image-2682 alignright\" src=\"https:\/\/celeli.uprrp.edu\/wp-content\/uploads\/2024\/12\/235161664_4094974773933316_8087621816534543213_n-1-232x300-1.jpeg\" alt=\"\"><\/a><\/figure><strong>2021<\/strong><\/h1>\n\n\n\n<p class=\"has-text-align-right\"><span style=\"font-weight: 400;\">El mi\u00e9rcoles, 8 de septiembre de 2021 se celebr\u00f3 el <b><i>8vo. Marat\u00f3n Latinoamericano de Lectura<\/i><\/b><b>.<\/b> Con el lema <b>\u00bfA d\u00f3nde quieres ir? Deja que la lectura te lleve,<\/b> el cartel cont\u00f3 con una ilustraci\u00f3n de la artista Lulu Delacre, tomada del libro <i>Pasando p\u00e1ginas<\/i>, escrito por la jueza Sonia Sotomayor.<\/span><\/p>\n\n\n\n<div style=\"height:30px\" aria-hidden=\"true\" class=\"wp-block-spacer\"><\/div>\n\n\n\n<h1 class=\"wp-block-heading has-text-align-center\"><figure><a href=\"https:\/\/celeli.uprrp.edu\/?attachment_id=2683\" rel=\"attachment wp-att-2683\"><img loading=\"lazy\" decoding=\"async\" width=\"183\" height=\"237\" class=\"wp-image-2683 alignleft\" src=\"https:\/\/celeli.uprrp.edu\/wp-content\/uploads\/2024\/12\/297112644_5193873950710054_8993524318645949214_n.jpg\" alt=\"\" srcset=\"https:\/\/celeli.uprrp.edu\/wp-content\/uploads\/2024\/12\/297112644_5193873950710054_8993524318645949214_n.jpg 612w, https:\/\/celeli.uprrp.edu\/wp-content\/uploads\/2024\/12\/297112644_5193873950710054_8993524318645949214_n-232x300.jpg 232w\" sizes=\"auto, (max-width: 183px) 100vw, 183px\" \/><\/a><\/figure><strong>2022<\/strong><\/h1>\n\n\n\n<p><span style=\"font-weight: 400;\">El jueves, 8 de septiembre de 2022 se celebr\u00f3 el <em><strong>9no Marat\u00f3n Latinoamericano de Lectura. <\/strong><\/em>Con el el lema<em><strong> La lectura activa la imaginaci\u00f3n, <\/strong><\/em>cartel cont\u00f3 con una ilustraci\u00f3n de la artista N\u00edvea Ort\u00edz Monta\u00f1ez. En total se inscribieron <span style=\"color: #000000;\">45,459 lectores<\/span> de Argentina, Bolivia, Colombia, Costa Rica, Cuba, Panam\u00e1, Per\u00fa, Rep\u00fablica Dominicana y Estados Unidos.<\/span><\/p>\n\n\n\n<div style=\"height:30px\" aria-hidden=\"true\" class=\"wp-block-spacer\"><\/div>\n\n\n\n<h1 class=\"wp-block-heading has-text-align-center\"><figure><a href=\"https:\/\/celeli.uprrp.edu\/?attachment_id=2684\" rel=\"attachment wp-att-2684\"><img loading=\"lazy\" decoding=\"async\" width=\"190\" height=\"313\" class=\"wp-image-2684 alignright\" src=\"https:\/\/celeli.uprrp.edu\/wp-content\/uploads\/2024\/12\/352374330_645075037648978_6418996641273878982_n.jpg\" alt=\"\" srcset=\"https:\/\/celeli.uprrp.edu\/wp-content\/uploads\/2024\/12\/352374330_645075037648978_6418996641273878982_n.jpg 642w, https:\/\/celeli.uprrp.edu\/wp-content\/uploads\/2024\/12\/352374330_645075037648978_6418996641273878982_n-183x300.jpg 183w, https:\/\/celeli.uprrp.edu\/wp-content\/uploads\/2024\/12\/352374330_645075037648978_6418996641273878982_n-623x1024.jpg 623w\" sizes=\"auto, (max-width: 190px) 100vw, 190px\" \/><\/a><\/figure><strong>2023<\/strong><\/h1>\n\n\n\n<p class=\"has-text-align-right\"><span style=\"font-weight: 400;\">El viernes, 8 de septiembre de 2023 se celebr\u00f3 el <em><strong>10m<\/strong><strong><em>o<\/em> Marat\u00f3n Latinoamericano de Lectura, <\/strong><\/em>con el lema <em><strong>La lectura ilumina. <\/strong><\/em>Participaron<span style=\"color: #000000;\">&nbsp;m\u00e1s de 101,610 lectores<\/span> de Argentina, Bolivia, Colombia, Costa Rica, Guatemala, Honduras, M\u00e9xico, Paraguay, Per\u00fa, Rep\u00fablica Dominicana y Estados Unidos.<\/span><\/p>\n\n\n\n<div style=\"height:30px\" aria-hidden=\"true\" class=\"wp-block-spacer\"><\/div>\n\n\n\n<h1 class=\"wp-block-heading has-text-align-center\"><figure><a href=\"https:\/\/celeli.uprrp.edu\/?attachment_id=2685\" rel=\"attachment wp-att-2685\"><img loading=\"lazy\" decoding=\"async\" width=\"319\" height=\"250\" class=\"wp-image-2685 alignleft\" src=\"https:\/\/celeli.uprrp.edu\/wp-content\/uploads\/2024\/12\/448241015_801900092122244_6606143262094365317_n.jpg\" alt=\"\" srcset=\"https:\/\/celeli.uprrp.edu\/wp-content\/uploads\/2024\/12\/448241015_801900092122244_6606143262094365317_n.jpg 1071w, https:\/\/celeli.uprrp.edu\/wp-content\/uploads\/2024\/12\/448241015_801900092122244_6606143262094365317_n-300x234.jpg 300w, https:\/\/celeli.uprrp.edu\/wp-content\/uploads\/2024\/12\/448241015_801900092122244_6606143262094365317_n-1024x800.jpg 1024w, https:\/\/celeli.uprrp.edu\/wp-content\/uploads\/2024\/12\/448241015_801900092122244_6606143262094365317_n-768x600.jpg 768w\" sizes=\"auto, (max-width: 319px) 100vw, 319px\" \/><\/a><\/figure><strong>2024<\/strong><\/h1>\n\n\n\n<p>El&nbsp;<strong>11\u00b0 &nbsp;Marat\u00f3n Latinoamericano de Lectura&nbsp;<\/strong>se celebr\u00f3 por primera vez desde el domingo, 8 de septiembre hasta el s\u00e1bado, 14 de septiembre de 2024. Con el lema \u201c<em><strong>La lectura inspira<\/strong><\/em>\u201c, el arte del ilustrador mexicano Rafael L\u00f3pez fue protagonista del cartel de ese a\u00f1o. Se cont\u00f3 con la participaci\u00f3n de <span style=\"font-weight: 400;\">260,764<\/span> personas inscritas alrededor de Latinoam\u00e9rica y se destaca la participaci\u00f3n de la Rep\u00fablica Dominicana y Per\u00fa con mayor cantidad de personas inscritas.<\/p>\n<\/details>\n","protected":false},"excerpt":{"rendered":"<p>En 2012, en ocasi\u00f3n del Marat\u00f3n Puertorrique\u00f1o de Lectura, lectores de Rep\u00fablica Dominicana, Guatemala, Per\u00fa y Estados Unidos se hab\u00edan unido a este evento. Igualmente ocurri\u00f3 en el 2013, a los que se les uni\u00f3 Costa Rica. Tras el \u00e9xito &hellip; <a href=\"https:\/\/celeli.uprrp.edu\/?page_id=1899\">Continue reading <span class=\"meta-nav\">&rarr;<\/span><\/a><\/p>\n","protected":false},"author":2,"featured_media":0,"parent":0,"menu_order":0,"comment_status":"closed","ping_status":"closed","template":"","meta":{"footnotes":""},"class_list":["post-1899","page","type-page","status-publish","hentry"],"_links":{"self":[{"href":"https:\/\/celeli.uprrp.edu\/index.php?rest_route=\/wp\/v2\/pages\/1899","targetHints":{"allow":["GET"]}}],"collection":[{"href":"https:\/\/celeli.uprrp.edu\/index.php?rest_route=\/wp\/v2\/pages"}],"about":[{"href":"https:\/\/celeli.uprrp.edu\/index.php?rest_route=\/wp\/v2\/types\/page"}],"author":[{"embeddable":true,"href":"https:\/\/celeli.uprrp.edu\/index.php?rest_route=\/wp\/v2\/users\/2"}],"replies":[{"embeddable":true,"href":"https:\/\/celeli.uprrp.edu\/index.php?rest_route=%2Fwp%2Fv2%2Fcomments&post=1899"}],"version-history":[{"count":26,"href":"https:\/\/celeli.uprrp.edu\/index.php?rest_route=\/wp\/v2\/pages\/1899\/revisions"}],"predecessor-version":[{"id":3015,"href":"https:\/\/celeli.uprrp.edu\/index.php?rest_route=\/wp\/v2\/pages\/1899\/revisions\/3015"}],"wp:attachment":[{"href":"https:\/\/celeli.uprrp.edu\/index.php?rest_route=%2Fwp%2Fv2%2Fmedia&parent=1899"}],"curies":[{"name":"wp","href":"https:\/\/api.w.org\/{rel}","templated":true}]}}