{"id":1505,"date":"2014-06-17T12:50:26","date_gmt":"2014-06-17T16:50:26","guid":{"rendered":"http:\/\/celeli.uprrp.edu\/?page_id=1505"},"modified":"2025-05-20T15:26:33","modified_gmt":"2025-05-20T19:26:33","slug":"maraton-latinoamericano-de-lectura","status":"publish","type":"page","link":"https:\/\/celeli.uprrp.edu\/?page_id=1505","title":{"rendered":"Marat\u00f3n Latinoamericano de Lectura"},"content":{"rendered":"\n<p>El\u00a0<em><strong>Marat\u00f3n Latinoamericano de Lectura<\/strong><\/em>\u00a0es un evento que se celebra el 8 de septiembre, D\u00eda Internacional de la Alfabetizaci\u00f3n. Este d\u00eda lo dedicamos a celebrar la maravilla de la lectura y a crear, simult\u00e1neamente a nivel de TODO Latinoam\u00e9rica, miles de espacios en los que la ni\u00f1ez, j\u00f3venes y adultos, puedan compartir la experiencia de la lectura de forma divertida y estimulante.<\/p>\n\n\n\n<p>El&nbsp;<strong><em>Marat\u00f3n<\/em><\/strong>&nbsp;consiste en organizar y llevar a cabo actividades interesantes y placenteras en&nbsp; donde los participantes leen por puro placer de forma ininterrumpida. Es una invitaci\u00f3n a que&nbsp;<em>todos<\/em>&nbsp;celebremos la pasi\u00f3n por la lectura; a sumergirnos en el fascinante mundo de los libros y de la literatura\u2026<\/p>\n\n\n\n<h2 class=\"wp-block-heading\">\u201cComparte lecturas, regala alegr\u00eda\u201d<\/h2>\n\n\n\n<p>Con mucho entusiasmo les compartimos el cartel oficial del 12\u00ba Marat\u00f3n Latinoamericano de Lectura<img loading=\"lazy\" decoding=\"async\" height=\"16\" width=\"16\" src=\"https:\/\/static.xx.fbcdn.net\/images\/emoji.php\/v9\/t49\/1\/16\/1f4da.png\" alt=\"\ud83d\udcda\"><\/p>\n\n\n\n<p><a><\/a>Con el lema \u201cComparte lecturas, regala alegr\u00eda\u201d, queremos reconocer a todas las personas que d\u00eda a d\u00eda se dedican a la mediaci\u00f3n y promoci\u00f3n lectora. Este a\u00f1o contamos con el arte de las ilustradoras Rosana Far\u00eda y Carla Tabora, del libro Los lunes de colores, escrito por Nelson Ricardo Rodr\u00edguez Salgado y Leonardo Agust\u00edn Montes Navarro. Al igual que en a\u00f1os anteriores, el dise\u00f1o del cartel es de Adri\u00e1n Avil\u00e9s.<\/p>\n\n\n\n<p>Este evento se llevar\u00e1 a cabo el lunes, 8 de septiembre, D\u00eda Internacional de la Alfabetizaci\u00f3n\u2026 \u00a1pero pueden celebrarlo durante toda la semana!<\/p>\n\n\n\n<p>Regalemos alegr\u00eda\u2026\u00a1comparte lecturas!<img loading=\"lazy\" decoding=\"async\" height=\"16\" width=\"16\" src=\"https:\/\/static.xx.fbcdn.net\/images\/emoji.php\/v9\/t9e\/1\/16\/1f4d6.png\" alt=\"\ud83d\udcd6\"><img loading=\"lazy\" decoding=\"async\" height=\"16\" width=\"16\" src=\"https:\/\/static.xx.fbcdn.net\/images\/emoji.php\/v9\/tf4\/1\/16\/2728.png\" alt=\"\u2728\"><\/p>\n\n\n\n<figure class=\"wp-block-image size-large\"><a href=\"https:\/\/celeli.uprrp.edu\/wp-content\/uploads\/2025\/05\/Screenshot-2025-05-13-101901.png\"><img loading=\"lazy\" decoding=\"async\" width=\"1024\" height=\"791\" src=\"https:\/\/celeli.uprrp.edu\/wp-content\/uploads\/2025\/05\/Screenshot-2025-05-13-101901-1024x791.png\" alt=\"\" class=\"wp-image-2989\" srcset=\"https:\/\/celeli.uprrp.edu\/wp-content\/uploads\/2025\/05\/Screenshot-2025-05-13-101901-1024x791.png 1024w, https:\/\/celeli.uprrp.edu\/wp-content\/uploads\/2025\/05\/Screenshot-2025-05-13-101901-300x232.png 300w, https:\/\/celeli.uprrp.edu\/wp-content\/uploads\/2025\/05\/Screenshot-2025-05-13-101901-768x593.png 768w, https:\/\/celeli.uprrp.edu\/wp-content\/uploads\/2025\/05\/Screenshot-2025-05-13-101901.png 1053w\" sizes=\"auto, (max-width: 1024px) 100vw, 1024px\" \/><\/a><\/figure>\n\n\n\n<p>Completa el siguiente formulario e inscr\u00edbete:&nbsp;<a href=\"https:\/\/forms.gle\/MiDsi7t8tUttxonR8\">https:\/\/forms.gle\/MiDsi7t8tUttxonR8<\/a><\/p>\n\n\n\n<p>Una vez inscrito, recibir\u00e1s un correo de confirmaci\u00f3n con el cartel del Marat\u00f3n y certificado de participaci\u00f3n en blanco, el cual luego podr\u00e1s completar con los nombres de cada persona que particip\u00f3 de la actividad de lectura llevada a cabo.<\/p>\n\n\n\n<h2 class=\"wp-block-heading\">\u00bfDeseas compartir tus fotos con nosotros?<\/h2>\n\n\n\n<p>S\u00fabelas a tus redes sociales con el&nbsp;<em>hashtag<\/em>&nbsp;<strong>#Marat\u00f3nLatinoamericanoDeLectura2025<\/strong>. Nos encanta ver a los participantes en \u201cacci\u00f3n\u201d, por lo que fotos posadas no tendr\u00e1n prioridad al momento de ser compartidas en nuestro&nbsp;<a href=\"https:\/\/www.facebook.com\/maraton.latinoamericano.lectura\/\">Facebook<\/a>.<\/p>\n\n\n\n<div style=\"height:4px\" aria-hidden=\"true\" class=\"wp-block-spacer\"><\/div>\n\n\n\n<div style=\"height:7px\" aria-hidden=\"true\" class=\"wp-block-spacer\"><\/div>\n\n\n\n<p>Cualquier duda o pregunta, nos puedes escribir a nuestro correo:&nbsp;<strong>maratondelecturapr@gmail.com<\/strong><\/p>\n\n\n\n<p><\/p>\n","protected":false},"excerpt":{"rendered":"<p>El\u00a0Marat\u00f3n Latinoamericano de Lectura\u00a0es un evento que se celebra el 8 de septiembre, D\u00eda Internacional de la Alfabetizaci\u00f3n. Este d\u00eda lo dedicamos a celebrar la maravilla de la lectura y a crear, simult\u00e1neamente a nivel de TODO Latinoam\u00e9rica, miles de &hellip; <a href=\"https:\/\/celeli.uprrp.edu\/?page_id=1505\">Continue reading <span class=\"meta-nav\">&rarr;<\/span><\/a><\/p>\n","protected":false},"author":2,"featured_media":0,"parent":0,"menu_order":0,"comment_status":"closed","ping_status":"closed","template":"","meta":{"footnotes":""},"class_list":["post-1505","page","type-page","status-publish","hentry"],"_links":{"self":[{"href":"https:\/\/celeli.uprrp.edu\/index.php?rest_route=\/wp\/v2\/pages\/1505","targetHints":{"allow":["GET"]}}],"collection":[{"href":"https:\/\/celeli.uprrp.edu\/index.php?rest_route=\/wp\/v2\/pages"}],"about":[{"href":"https:\/\/celeli.uprrp.edu\/index.php?rest_route=\/wp\/v2\/types\/page"}],"author":[{"embeddable":true,"href":"https:\/\/celeli.uprrp.edu\/index.php?rest_route=\/wp\/v2\/users\/2"}],"replies":[{"embeddable":true,"href":"https:\/\/celeli.uprrp.edu\/index.php?rest_route=%2Fwp%2Fv2%2Fcomments&post=1505"}],"version-history":[{"count":45,"href":"https:\/\/celeli.uprrp.edu\/index.php?rest_route=\/wp\/v2\/pages\/1505\/revisions"}],"predecessor-version":[{"id":3014,"href":"https:\/\/celeli.uprrp.edu\/index.php?rest_route=\/wp\/v2\/pages\/1505\/revisions\/3014"}],"wp:attachment":[{"href":"https:\/\/celeli.uprrp.edu\/index.php?rest_route=%2Fwp%2Fv2%2Fmedia&parent=1505"}],"curies":[{"name":"wp","href":"https:\/\/api.w.org\/{rel}","templated":true}]}}