{"id":13,"date":"2012-05-08T15:16:48","date_gmt":"2012-05-08T15:16:48","guid":{"rendered":"http:\/\/celeli.uprrp.edu\/?page_id=13"},"modified":"2025-05-13T11:36:22","modified_gmt":"2025-05-13T15:36:22","slug":"maraton-puertorriqueno-de-lectura","status":"publish","type":"page","link":"https:\/\/celeli.uprrp.edu\/?page_id=13","title":{"rendered":"Marat\u00f3n Puertorrique\u00f1o de Lectura"},"content":{"rendered":"<p>El <em><strong>Marat\u00f3n Puertorrique\u00f1o de Lectura<\/strong><\/em> es un evento que se celebra el 8 de septiembre, D\u00eda Internacional de la Alfabetizaci\u00f3n. Este d\u00eda lo dedicamos a celebrar la maravilla de la lectura y a crear, simult\u00e1neamente en toda la Isla, miles de espacios en los que la ni\u00f1ez, j\u00f3venes y adultos, puedan compartir la experiencia de la lectura de forma divertida y estimulante.<\/p>\n<p>El <strong><em>Marat\u00f3n<\/em><\/strong> consiste en organizar y llevar a cabo actividades interesantes y placenteras en\u00a0 donde los participantes leen por puro placer de forma ininterrumpida. Es una invitaci\u00f3n a que <em>todos<\/em> celebremos la pasi\u00f3n por la lectura; a sumergirnos en el fascinante mundo de los libros y de la literatura\u2026<\/p>\n\n\n<h2 class=\"wp-block-heading\">&#8220;Comparte lecturas, regala alegr\u00eda&#8221;<\/h2>\n\n\n\n<p>Con mucho entusiasmo les compartimos el cartel oficial del 20\u00ba Marat\u00f3n Puertorrique\u00f1o de Lectura<img loading=\"lazy\" decoding=\"async\" height=\"16\" width=\"16\" alt=\"\ud83d\udcda\" src=\"https:\/\/static.xx.fbcdn.net\/images\/emoji.php\/v9\/t49\/1\/16\/1f4da.png\"><\/p>\n\n\n\n<p><a><\/a>Con el lema &#8220;Comparte lecturas, regala alegr\u00eda&#8221;, queremos reconocer a todas las personas que d\u00eda a d\u00eda se dedican a la mediaci\u00f3n y promoci\u00f3n lectora. Este a\u00f1o contamos con el arte de las ilustradoras Rosana Far\u00eda y Carla Tabora, del libro Los lunes de colores, escrito por Nelson Ricardo Rodr\u00edguez Salgado y Leonardo Agust\u00edn Montes Navarro. Al igual que en a\u00f1os anteriores, el dise\u00f1o del cartel es de Adri\u00e1n Avil\u00e9s.<\/p>\n\n\n\n<p>Este evento se llevar\u00e1 a cabo el lunes, 8 de septiembre, D\u00eda Internacional de la Alfabetizaci\u00f3n&#8230; \u00a1pero pueden celebrarlo durante toda la semana!<\/p>\n\n\n\n<p>Regalemos alegr\u00eda&#8230;\u00a1comparte lecturas!<img loading=\"lazy\" decoding=\"async\" height=\"16\" width=\"16\" alt=\"\ud83d\udcd6\" src=\"https:\/\/static.xx.fbcdn.net\/images\/emoji.php\/v9\/t9e\/1\/16\/1f4d6.png\"><img loading=\"lazy\" decoding=\"async\" height=\"16\" width=\"16\" alt=\"\u2728\" src=\"https:\/\/static.xx.fbcdn.net\/images\/emoji.php\/v9\/tf4\/1\/16\/2728.png\"><\/p>\n\n\n\n<figure class=\"wp-block-gallery aligncenter has-nested-images columns-default is-cropped wp-block-gallery-1 is-layout-flex wp-block-gallery-is-layout-flex\">\n<figure class=\"wp-block-image size-large\"><a href=\"https:\/\/celeli.uprrp.edu\/wp-content\/uploads\/2025\/05\/Screenshot-2025-05-12-105110.png\"><img loading=\"lazy\" decoding=\"async\" width=\"622\" height=\"479\" data-id=\"2987\" src=\"https:\/\/celeli.uprrp.edu\/wp-content\/uploads\/2025\/05\/Screenshot-2025-05-12-105110.png\" alt=\"\" class=\"wp-image-2987\" srcset=\"https:\/\/celeli.uprrp.edu\/wp-content\/uploads\/2025\/05\/Screenshot-2025-05-12-105110.png 622w, https:\/\/celeli.uprrp.edu\/wp-content\/uploads\/2025\/05\/Screenshot-2025-05-12-105110-300x231.png 300w\" sizes=\"auto, (max-width: 622px) 100vw, 622px\" \/><\/a><\/figure>\n<\/figure>\n\n\n\n<p>Completa el siguiente formulario e inscr\u00edbete: <a href=\"https:\/\/forms.gle\/aLJkEfY6Cy1h4xJM8\">https:\/\/forms.gle\/aLJkEfY6Cy1h4xJM8<\/a><\/p>\n\n\n\n<p>Una vez inscrito, recibir\u00e1s un correo de confirmaci\u00f3n con el cartel del Marat\u00f3n y certificado de participaci\u00f3n en blanco, el cual luego podr\u00e1s completar con los nombres de cada persona que particip\u00f3 de la actividad de lectura llevada a cabo.<\/p>\n\n\n\n<h2 class=\"wp-block-heading\">\u00bfDeseas compartir tus fotos con nosotros?<\/h2>\n\n\n\n<p>S\u00fabelas a tus redes sociales con el <em>hashtag<\/em> <strong>#Marat\u00f3nPuertorrique\u00f1oDeLectura2025<\/strong>. Nos encanta ver a los participantes en &#8220;acci\u00f3n&#8221;, por lo que fotos posadas no tendr\u00e1n prioridad al momento de ser compartidas en nuestra redes en <a href=\"https:\/\/www.facebook.com\/MaratonPuertorriquenodeLectura\" data-type=\"link\" data-id=\"https:\/\/www.facebook.com\/MaratonPuertorriquenodeLectura\">Facebook<\/a> e <a href=\"https:\/\/www.instagram.com\/celeli.upr\/\">Instagram<\/a>.<\/p>\n\n\n\n<p><\/p>\n\n\n\n<p>Cualquier duda o pregunta, nos puedes escribir a nuestro correo: <strong>maratondelecturapr@gmail.com<\/strong><\/p>\n","protected":false},"excerpt":{"rendered":"<p>El Marat\u00f3n Puertorrique\u00f1o de Lectura es un evento que se celebra el 8 de septiembre, D\u00eda Internacional de la Alfabetizaci\u00f3n. Este d\u00eda lo dedicamos a celebrar la maravilla de la lectura y a crear, simult\u00e1neamente en toda la Isla, miles &hellip; <a href=\"https:\/\/celeli.uprrp.edu\/?page_id=13\">Continue reading <span class=\"meta-nav\">&rarr;<\/span><\/a><\/p>\n","protected":false},"author":2,"featured_media":0,"parent":0,"menu_order":0,"comment_status":"open","ping_status":"closed","template":"","meta":{"footnotes":""},"class_list":["post-13","page","type-page","status-publish","hentry"],"_links":{"self":[{"href":"https:\/\/celeli.uprrp.edu\/index.php?rest_route=\/wp\/v2\/pages\/13","targetHints":{"allow":["GET"]}}],"collection":[{"href":"https:\/\/celeli.uprrp.edu\/index.php?rest_route=\/wp\/v2\/pages"}],"about":[{"href":"https:\/\/celeli.uprrp.edu\/index.php?rest_route=\/wp\/v2\/types\/page"}],"author":[{"embeddable":true,"href":"https:\/\/celeli.uprrp.edu\/index.php?rest_route=\/wp\/v2\/users\/2"}],"replies":[{"embeddable":true,"href":"https:\/\/celeli.uprrp.edu\/index.php?rest_route=%2Fwp%2Fv2%2Fcomments&post=13"}],"version-history":[{"count":83,"href":"https:\/\/celeli.uprrp.edu\/index.php?rest_route=\/wp\/v2\/pages\/13\/revisions"}],"predecessor-version":[{"id":2993,"href":"https:\/\/celeli.uprrp.edu\/index.php?rest_route=\/wp\/v2\/pages\/13\/revisions\/2993"}],"wp:attachment":[{"href":"https:\/\/celeli.uprrp.edu\/index.php?rest_route=%2Fwp%2Fv2%2Fmedia&parent=13"}],"curies":[{"name":"wp","href":"https:\/\/api.w.org\/{rel}","templated":true}]}}